{"id":777,"date":"2020-10-07T17:38:54","date_gmt":"2020-10-07T15:38:54","guid":{"rendered":"http:\/\/chats-norvegiens-harpsicat.fr\/?page_id=777"},"modified":"2023-02-05T15:48:44","modified_gmt":"2023-02-05T14:48:44","slug":"titrans-waikiki","status":"publish","type":"page","link":"https:\/\/chats-norvegiens-harpsicat.fr\/index.php\/titrans-waikiki\/","title":{"rendered":"Titran&rsquo;s Wa\u00efkiki"},"content":{"rendered":"\n<p class=\"has-text-color\" style=\"color:#5c1f74\">n\u00e9e de <mark style=\"background-color:rgba(0, 0, 0, 0);color:#5c1f74\" class=\"has-inline-color\">Namira Vom Alpenwichtel et Wiedzmin Karodok<\/mark><\/p>\n\n\n\n<p class=\"has-text-color\" style=\"color:#5c1f74\"><a rel=\"noreferrer noopener\" href=\"https:\/\/pawpeds.com\/db\/?a=p&amp;id=835315&amp;g=4&amp;p=nfo&amp;o=elastic\" target=\"_blank\"><span style=\"color:#5c1f74\" class=\"has-inline-color\">Son p\u00e9digr\u00e9e<\/span><\/a><\/p>\n\n\n\n<p><mark style=\"background-color:rgba(0, 0, 0, 0);color:#5c1f74\" class=\"has-inline-color\">Wa\u00efkiki, jolie chatte blanche est arriv\u00e9e chez nous apr\u00e8s avoir v\u00e9cu quelques ann\u00e9es \u00e0 la chatterie de Ramatuelle, en Belgique. Elle nous a donn\u00e9 avec Dali, des chatons que nous n&rsquo;attendions plus.<br>Douce et affectueuse, elle fait le bonheur des visiteurs auxquels elle souhaite la bienvenue \u00e0 grand renfort de ronrons !<\/mark><br><mark style=\"background-color:rgba(0, 0, 0, 0);color:#5c1f74\" class=\"has-inline-color\">Merci Marie-C\u00e9cile St\u00e9phany pour ta confiance.<\/mark><br><\/p>\n\n\n\n<figure class=\"wp-block-gallery has-nested-images columns-default is-cropped wp-block-gallery-1 is-layout-flex wp-block-gallery-is-layout-flex\">\n<figure class=\"wp-block-image size-large\"><img loading=\"lazy\" decoding=\"async\" width=\"477\" height=\"640\" data-id=\"1446\" src=\"https:\/\/chats-norvegiens-harpsicat.fr\/wp-content\/uploads\/2021\/03\/2013_02_08-049R.jpg\" alt=\"\" class=\"wp-image-1446\" srcset=\"https:\/\/chats-norvegiens-harpsicat.fr\/wp-content\/uploads\/2021\/03\/2013_02_08-049R.jpg 477w, https:\/\/chats-norvegiens-harpsicat.fr\/wp-content\/uploads\/2021\/03\/2013_02_08-049R-224x300.jpg 224w\" sizes=\"(max-width: 477px) 100vw, 477px\" \/><\/figure>\n\n\n\n<figure class=\"wp-block-image size-large\"><img loading=\"lazy\" decoding=\"async\" width=\"471\" height=\"640\" data-id=\"1443\" src=\"https:\/\/chats-norvegiens-harpsicat.fr\/wp-content\/uploads\/2021\/03\/2012_13_15-011R.jpg\" alt=\"\" class=\"wp-image-1443\" srcset=\"https:\/\/chats-norvegiens-harpsicat.fr\/wp-content\/uploads\/2021\/03\/2012_13_15-011R.jpg 471w, https:\/\/chats-norvegiens-harpsicat.fr\/wp-content\/uploads\/2021\/03\/2012_13_15-011R-221x300.jpg 221w\" sizes=\"(max-width: 471px) 100vw, 471px\" \/><\/figure>\n\n\n\n<figure class=\"wp-block-image size-large\"><img loading=\"lazy\" decoding=\"async\" width=\"640\" height=\"425\" data-id=\"1445\" src=\"https:\/\/chats-norvegiens-harpsicat.fr\/wp-content\/uploads\/2021\/03\/2013_01_21-091R.jpg\" alt=\"\" class=\"wp-image-1445\" srcset=\"https:\/\/chats-norvegiens-harpsicat.fr\/wp-content\/uploads\/2021\/03\/2013_01_21-091R.jpg 640w, https:\/\/chats-norvegiens-harpsicat.fr\/wp-content\/uploads\/2021\/03\/2013_01_21-091R-300x199.jpg 300w\" sizes=\"(max-width: 640px) 100vw, 640px\" \/><\/figure>\n\n\n\n<figure class=\"wp-block-image size-large\"><img loading=\"lazy\" decoding=\"async\" width=\"640\" height=\"425\" data-id=\"1444\" src=\"https:\/\/chats-norvegiens-harpsicat.fr\/wp-content\/uploads\/2021\/03\/2013_01_21-076R.jpg\" alt=\"\" class=\"wp-image-1444\" srcset=\"https:\/\/chats-norvegiens-harpsicat.fr\/wp-content\/uploads\/2021\/03\/2013_01_21-076R.jpg 640w, https:\/\/chats-norvegiens-harpsicat.fr\/wp-content\/uploads\/2021\/03\/2013_01_21-076R-300x199.jpg 300w\" sizes=\"(max-width: 640px) 100vw, 640px\" \/><\/figure>\n<\/figure>\n","protected":false},"excerpt":{"rendered":"<p>n\u00e9e de Namira Vom Alpenwichtel et Wiedzmin Karodok Son p\u00e9digr\u00e9e Wa\u00efkiki, jolie chatte blanche est arriv\u00e9e chez nous apr\u00e8s avoir v\u00e9cu quelques ann\u00e9es \u00e0 la chatterie de Ramatuelle, en Belgique. Elle nous a donn\u00e9 avec Dali, des chatons que nous n&rsquo;attendions plus.Douce et affectueuse, elle fait le bonheur des visiteurs auxquels elle souhaite la bienvenue &hellip; <\/p>\n<p class=\"link-more\"><a href=\"https:\/\/chats-norvegiens-harpsicat.fr\/index.php\/titrans-waikiki\/\" class=\"more-link\">Continuer la lecture<span class=\"screen-reader-text\"> de &laquo;&nbsp;Titran&rsquo;s Wa\u00efkiki&nbsp;&raquo;<\/span><\/a><\/p>\n","protected":false},"author":1,"featured_media":960,"parent":0,"menu_order":0,"comment_status":"closed","ping_status":"closed","template":"","meta":{"footnotes":""},"_links":{"self":[{"href":"https:\/\/chats-norvegiens-harpsicat.fr\/index.php\/wp-json\/wp\/v2\/pages\/777"}],"collection":[{"href":"https:\/\/chats-norvegiens-harpsicat.fr\/index.php\/wp-json\/wp\/v2\/pages"}],"about":[{"href":"https:\/\/chats-norvegiens-harpsicat.fr\/index.php\/wp-json\/wp\/v2\/types\/page"}],"author":[{"embeddable":true,"href":"https:\/\/chats-norvegiens-harpsicat.fr\/index.php\/wp-json\/wp\/v2\/users\/1"}],"replies":[{"embeddable":true,"href":"https:\/\/chats-norvegiens-harpsicat.fr\/index.php\/wp-json\/wp\/v2\/comments?post=777"}],"version-history":[{"count":9,"href":"https:\/\/chats-norvegiens-harpsicat.fr\/index.php\/wp-json\/wp\/v2\/pages\/777\/revisions"}],"predecessor-version":[{"id":1882,"href":"https:\/\/chats-norvegiens-harpsicat.fr\/index.php\/wp-json\/wp\/v2\/pages\/777\/revisions\/1882"}],"wp:featuredmedia":[{"embeddable":true,"href":"https:\/\/chats-norvegiens-harpsicat.fr\/index.php\/wp-json\/wp\/v2\/media\/960"}],"wp:attachment":[{"href":"https:\/\/chats-norvegiens-harpsicat.fr\/index.php\/wp-json\/wp\/v2\/media?parent=777"}],"curies":[{"name":"wp","href":"https:\/\/api.w.org\/{rel}","templated":true}]}}