{"id":773,"date":"2020-10-07T17:30:56","date_gmt":"2020-10-07T15:30:56","guid":{"rendered":"http:\/\/chats-norvegiens-harpsicat.fr\/?page_id=773"},"modified":"2023-02-05T17:15:06","modified_gmt":"2023-02-05T16:15:06","slug":"princesse-mononoke-de-harpsicat","status":"publish","type":"page","link":"https:\/\/chats-norvegiens-harpsicat.fr\/index.php\/princesse-mononoke-de-harpsicat\/","title":{"rendered":"Princesse Mononok\u00e9 de Harpsi&rsquo;Cat"},"content":{"rendered":"\n<p class=\"has-text-color\" style=\"color:#5c1f74\"><mark style=\"background-color:rgba(0, 0, 0, 0);color:#5c1f74\" class=\"has-inline-color\">Hanako de Harpsi&rsquo;Cat et Nouic El Condor Pacha<\/mark><\/p>\n\n\n\n<p class=\"has-text-color\" style=\"color:#5c1f74\"><a rel=\"noreferrer noopener\" href=\"https:\/\/pawpeds.com\/db\/?a=p&amp;id=1506304&amp;g=4&amp;p=nfo&amp;o=elastic\" target=\"_blank\"><span style=\"color:#5c1f74\" class=\"has-inline-color\">Son p\u00e9digr\u00e9e<\/span><\/a><\/p>\n\n\n\n<p class=\"has-drop-cap has-text-color\" style=\"color:#5c1f74\"><mark style=\"background-color:rgba(0, 0, 0, 0);color:#5c1f74\" class=\"has-inline-color\">Princesse Mononok\u00e9 va succ\u00e8der \u00e0 sa maman, Hanako. D\u00e8s sa naissance, sa petite taille et sa couleur \u00ab\u00a0frosted\u00a0\u00bb interpellent. Princesse Mononok\u00e9 n&rsquo;avait pas acc\u00e8s aux t\u00e9tines de maman. Les autres chatons \u00e9tant beaucoup plus forts qu&rsquo;elle, elle a \u00e9t\u00e9 biberonn\u00e9e pendant plusieurs semaines. L&rsquo;attachement ayant \u00e9t\u00e9 tr\u00e8s fort, il \u00e9tait donc tout naturel que cette petite guerri\u00e8re reste \u00e0 la chatterie. Son pr\u00e9nom lui va d&rsquo;ailleurs comme un gant ! <\/mark><\/p>\n\n\n\n<figure class=\"wp-block-gallery has-nested-images columns-default is-cropped wp-block-gallery-1 is-layout-flex wp-block-gallery-is-layout-flex\">\n<figure class=\"wp-block-image size-large\"><img loading=\"lazy\" decoding=\"async\" width=\"700\" height=\"465\" data-id=\"1422\" src=\"https:\/\/chats-norvegiens-harpsicat.fr\/wp-content\/uploads\/2021\/03\/104756692_2616901235076716_5314110576934279181_n.jpg\" alt=\"\" class=\"wp-image-1422\" srcset=\"https:\/\/chats-norvegiens-harpsicat.fr\/wp-content\/uploads\/2021\/03\/104756692_2616901235076716_5314110576934279181_n.jpg 700w, https:\/\/chats-norvegiens-harpsicat.fr\/wp-content\/uploads\/2021\/03\/104756692_2616901235076716_5314110576934279181_n-300x199.jpg 300w\" sizes=\"(max-width: 700px) 100vw, 700px\" \/><\/figure>\n\n\n\n<figure class=\"wp-block-image size-large\"><img loading=\"lazy\" decoding=\"async\" width=\"425\" height=\"640\" data-id=\"1424\" src=\"https:\/\/chats-norvegiens-harpsicat.fr\/wp-content\/uploads\/2021\/03\/IMGP0802R.jpg\" alt=\"\" class=\"wp-image-1424\" srcset=\"https:\/\/chats-norvegiens-harpsicat.fr\/wp-content\/uploads\/2021\/03\/IMGP0802R.jpg 425w, https:\/\/chats-norvegiens-harpsicat.fr\/wp-content\/uploads\/2021\/03\/IMGP0802R-199x300.jpg 199w\" sizes=\"(max-width: 425px) 100vw, 425px\" \/><\/figure>\n\n\n\n<figure class=\"wp-block-image size-large\"><img loading=\"lazy\" decoding=\"async\" width=\"700\" height=\"465\" data-id=\"1423\" src=\"https:\/\/chats-norvegiens-harpsicat.fr\/wp-content\/uploads\/2021\/03\/104921748_2616904721743034_1585138512046485745_n.jpg\" alt=\"\" class=\"wp-image-1423\" srcset=\"https:\/\/chats-norvegiens-harpsicat.fr\/wp-content\/uploads\/2021\/03\/104921748_2616904721743034_1585138512046485745_n.jpg 700w, https:\/\/chats-norvegiens-harpsicat.fr\/wp-content\/uploads\/2021\/03\/104921748_2616904721743034_1585138512046485745_n-300x199.jpg 300w\" sizes=\"(max-width: 700px) 100vw, 700px\" \/><\/figure>\n\n\n\n<figure class=\"wp-block-image size-large\"><img loading=\"lazy\" decoding=\"async\" width=\"700\" height=\"465\" data-id=\"1421\" src=\"https:\/\/chats-norvegiens-harpsicat.fr\/wp-content\/uploads\/2021\/03\/104855032_2616901421743364_4219291857952826535_n.jpg\" alt=\"\" class=\"wp-image-1421\" srcset=\"https:\/\/chats-norvegiens-harpsicat.fr\/wp-content\/uploads\/2021\/03\/104855032_2616901421743364_4219291857952826535_n.jpg 700w, https:\/\/chats-norvegiens-harpsicat.fr\/wp-content\/uploads\/2021\/03\/104855032_2616901421743364_4219291857952826535_n-300x199.jpg 300w\" sizes=\"(max-width: 700px) 100vw, 700px\" \/><\/figure>\n<\/figure>\n","protected":false},"excerpt":{"rendered":"<p>Hanako de Harpsi&rsquo;Cat et Nouic El Condor Pacha Son p\u00e9digr\u00e9e Princesse Mononok\u00e9 va succ\u00e8der \u00e0 sa maman, Hanako. D\u00e8s sa naissance, sa petite taille et sa couleur \u00ab\u00a0frosted\u00a0\u00bb interpellent. Princesse Mononok\u00e9 n&rsquo;avait pas acc\u00e8s aux t\u00e9tines de maman. Les autres chatons \u00e9tant beaucoup plus forts qu&rsquo;elle, elle a \u00e9t\u00e9 biberonn\u00e9e pendant plusieurs semaines. L&rsquo;attachement ayant &hellip; <\/p>\n<p class=\"link-more\"><a href=\"https:\/\/chats-norvegiens-harpsicat.fr\/index.php\/princesse-mononoke-de-harpsicat\/\" class=\"more-link\">Continuer la lecture<span class=\"screen-reader-text\"> de &laquo;&nbsp;Princesse Mononok\u00e9 de Harpsi&rsquo;Cat&nbsp;&raquo;<\/span><\/a><\/p>\n","protected":false},"author":1,"featured_media":1911,"parent":0,"menu_order":0,"comment_status":"closed","ping_status":"closed","template":"","meta":{"footnotes":""},"_links":{"self":[{"href":"https:\/\/chats-norvegiens-harpsicat.fr\/index.php\/wp-json\/wp\/v2\/pages\/773"}],"collection":[{"href":"https:\/\/chats-norvegiens-harpsicat.fr\/index.php\/wp-json\/wp\/v2\/pages"}],"about":[{"href":"https:\/\/chats-norvegiens-harpsicat.fr\/index.php\/wp-json\/wp\/v2\/types\/page"}],"author":[{"embeddable":true,"href":"https:\/\/chats-norvegiens-harpsicat.fr\/index.php\/wp-json\/wp\/v2\/users\/1"}],"replies":[{"embeddable":true,"href":"https:\/\/chats-norvegiens-harpsicat.fr\/index.php\/wp-json\/wp\/v2\/comments?post=773"}],"version-history":[{"count":7,"href":"https:\/\/chats-norvegiens-harpsicat.fr\/index.php\/wp-json\/wp\/v2\/pages\/773\/revisions"}],"predecessor-version":[{"id":1912,"href":"https:\/\/chats-norvegiens-harpsicat.fr\/index.php\/wp-json\/wp\/v2\/pages\/773\/revisions\/1912"}],"wp:featuredmedia":[{"embeddable":true,"href":"https:\/\/chats-norvegiens-harpsicat.fr\/index.php\/wp-json\/wp\/v2\/media\/1911"}],"wp:attachment":[{"href":"https:\/\/chats-norvegiens-harpsicat.fr\/index.php\/wp-json\/wp\/v2\/media?parent=773"}],"curies":[{"name":"wp","href":"https:\/\/api.w.org\/{rel}","templated":true}]}}