{"id":769,"date":"2020-10-07T17:28:10","date_gmt":"2020-10-07T15:28:10","guid":{"rendered":"http:\/\/chats-norvegiens-harpsicat.fr\/?page_id=769"},"modified":"2021-03-20T23:33:37","modified_gmt":"2021-03-20T22:33:37","slug":"noijin-de-harpsicat","status":"publish","type":"page","link":"https:\/\/chats-norvegiens-harpsicat.fr\/index.php\/noijin-de-harpsicat\/","title":{"rendered":"Noijin de Harpsi&rsquo;Cat"},"content":{"rendered":"\n<p class=\"has-text-color\" style=\"color:#5c1f74\"><span style=\"color:#5c1f74\" class=\"has-inline-color\">Mazurka et Monsieur Amarok de Harpsi&rsquo;Cat<\/span><\/p>\n\n\n\n<p class=\"has-text-color\" style=\"color:#5c1f74\"><a rel=\"noreferrer noopener\" href=\"https:\/\/pawpeds.com\/db\/?a=p&amp;id=1506338&amp;g=4&amp;p=nfo&amp;o=elastic\" target=\"_blank\"><span style=\"color:#5c1f74\" class=\"has-inline-color\">Son p\u00e9digr\u00e9e<\/span><\/a><\/p>\n\n\n\n<p class=\"has-drop-cap has-text-color\" style=\"color:#5c1f74\"><span style=\"color:#5c1f74\" class=\"has-inline-color\">Avec ses yeux bleus et son pelage immacul\u00e9, Noijin se devait de porter un pr\u00e9nom rappelant la montagne et les glaciers. C&rsquo;est donc le nom du sommet tib\u00e9tain Noijin Kangsang qui lui a \u00e9t\u00e9 attribu\u00e9 sans difficult\u00e9 ! <\/span><br><span style=\"color:#5c1f74\" class=\"has-inline-color\">Noijin est une femelle d&rsquo;assez petit gabarit mais d&rsquo;une grande beaut\u00e9.<\/span><\/p>\n\n\n\n<p><\/p>\n\n\n\n<figure class=\"wp-block-gallery columns-3 is-cropped wp-block-gallery-1 is-layout-flex wp-block-gallery-is-layout-flex\"><ul class=\"blocks-gallery-grid\"><li class=\"blocks-gallery-item\"><figure><img loading=\"lazy\" decoding=\"async\" width=\"425\" height=\"640\" src=\"https:\/\/chats-norvegiens-harpsicat.fr\/wp-content\/uploads\/2021\/03\/IMGP5971R.jpg\" alt=\"\" data-id=\"1399\" data-full-url=\"https:\/\/chats-norvegiens-harpsicat.fr\/wp-content\/uploads\/2021\/03\/IMGP5971R.jpg\" data-link=\"https:\/\/chats-norvegiens-harpsicat.fr\/index.php\/noijin-de-harpsicat\/imgp5971r\/\" class=\"wp-image-1399\" srcset=\"https:\/\/chats-norvegiens-harpsicat.fr\/wp-content\/uploads\/2021\/03\/IMGP5971R.jpg 425w, https:\/\/chats-norvegiens-harpsicat.fr\/wp-content\/uploads\/2021\/03\/IMGP5971R-199x300.jpg 199w\" sizes=\"(max-width: 425px) 100vw, 425px\" \/><\/figure><\/li><li class=\"blocks-gallery-item\"><figure><img loading=\"lazy\" decoding=\"async\" width=\"425\" height=\"640\" src=\"https:\/\/chats-norvegiens-harpsicat.fr\/wp-content\/uploads\/2020\/10\/IMGP5976R.jpg\" alt=\"\" data-id=\"1123\" data-link=\"https:\/\/chats-norvegiens-harpsicat.fr\/index.php\/noijin-de-harpsicat\/imgp5976r\/\" class=\"wp-image-1123\" srcset=\"https:\/\/chats-norvegiens-harpsicat.fr\/wp-content\/uploads\/2020\/10\/IMGP5976R.jpg 425w, https:\/\/chats-norvegiens-harpsicat.fr\/wp-content\/uploads\/2020\/10\/IMGP5976R-199x300.jpg 199w\" sizes=\"(max-width: 425px) 100vw, 425px\" \/><\/figure><\/li><li class=\"blocks-gallery-item\"><figure><img loading=\"lazy\" decoding=\"async\" width=\"425\" height=\"640\" src=\"https:\/\/chats-norvegiens-harpsicat.fr\/wp-content\/uploads\/2020\/10\/IMGP6022R3.jpg\" alt=\"\" data-id=\"1124\" data-link=\"https:\/\/chats-norvegiens-harpsicat.fr\/index.php\/noijin-de-harpsicat\/imgp6022r3\/\" class=\"wp-image-1124\" srcset=\"https:\/\/chats-norvegiens-harpsicat.fr\/wp-content\/uploads\/2020\/10\/IMGP6022R3.jpg 425w, https:\/\/chats-norvegiens-harpsicat.fr\/wp-content\/uploads\/2020\/10\/IMGP6022R3-199x300.jpg 199w\" sizes=\"(max-width: 425px) 100vw, 425px\" \/><\/figure><\/li><li class=\"blocks-gallery-item\"><figure><img loading=\"lazy\" decoding=\"async\" width=\"640\" height=\"425\" src=\"https:\/\/chats-norvegiens-harpsicat.fr\/wp-content\/uploads\/2020\/10\/IMGP7674R1.jpg\" alt=\"\" data-id=\"1121\" data-link=\"https:\/\/chats-norvegiens-harpsicat.fr\/index.php\/noijin-de-harpsicat\/imgp7674r1\/\" class=\"wp-image-1121\" srcset=\"https:\/\/chats-norvegiens-harpsicat.fr\/wp-content\/uploads\/2020\/10\/IMGP7674R1.jpg 640w, https:\/\/chats-norvegiens-harpsicat.fr\/wp-content\/uploads\/2020\/10\/IMGP7674R1-300x199.jpg 300w\" sizes=\"(max-width: 640px) 100vw, 640px\" \/><\/figure><\/li><\/ul><\/figure>\n\n\n\n<p><\/p>\n","protected":false},"excerpt":{"rendered":"<p>Mazurka et Monsieur Amarok de Harpsi&rsquo;Cat Son p\u00e9digr\u00e9e Avec ses yeux bleus et son pelage immacul\u00e9, Noijin se devait de porter un pr\u00e9nom rappelant la montagne et les glaciers. C&rsquo;est donc le nom du sommet tib\u00e9tain Noijin Kangsang qui lui a \u00e9t\u00e9 attribu\u00e9 sans difficult\u00e9 ! Noijin est une femelle d&rsquo;assez petit gabarit mais d&rsquo;une &hellip; <\/p>\n<p class=\"link-more\"><a href=\"https:\/\/chats-norvegiens-harpsicat.fr\/index.php\/noijin-de-harpsicat\/\" class=\"more-link\">Continuer la lecture<span class=\"screen-reader-text\"> de &laquo;&nbsp;Noijin de Harpsi&rsquo;Cat&nbsp;&raquo;<\/span><\/a><\/p>\n","protected":false},"author":1,"featured_media":45,"parent":0,"menu_order":0,"comment_status":"closed","ping_status":"closed","template":"","meta":{"footnotes":""},"_links":{"self":[{"href":"https:\/\/chats-norvegiens-harpsicat.fr\/index.php\/wp-json\/wp\/v2\/pages\/769"}],"collection":[{"href":"https:\/\/chats-norvegiens-harpsicat.fr\/index.php\/wp-json\/wp\/v2\/pages"}],"about":[{"href":"https:\/\/chats-norvegiens-harpsicat.fr\/index.php\/wp-json\/wp\/v2\/types\/page"}],"author":[{"embeddable":true,"href":"https:\/\/chats-norvegiens-harpsicat.fr\/index.php\/wp-json\/wp\/v2\/users\/1"}],"replies":[{"embeddable":true,"href":"https:\/\/chats-norvegiens-harpsicat.fr\/index.php\/wp-json\/wp\/v2\/comments?post=769"}],"version-history":[{"count":9,"href":"https:\/\/chats-norvegiens-harpsicat.fr\/index.php\/wp-json\/wp\/v2\/pages\/769\/revisions"}],"predecessor-version":[{"id":1400,"href":"https:\/\/chats-norvegiens-harpsicat.fr\/index.php\/wp-json\/wp\/v2\/pages\/769\/revisions\/1400"}],"wp:featuredmedia":[{"embeddable":true,"href":"https:\/\/chats-norvegiens-harpsicat.fr\/index.php\/wp-json\/wp\/v2\/media\/45"}],"wp:attachment":[{"href":"https:\/\/chats-norvegiens-harpsicat.fr\/index.php\/wp-json\/wp\/v2\/media?parent=769"}],"curies":[{"name":"wp","href":"https:\/\/api.w.org\/{rel}","templated":true}]}}