{"id":754,"date":"2020-10-07T17:06:56","date_gmt":"2020-10-07T15:06:56","guid":{"rendered":"http:\/\/chats-norvegiens-harpsicat.fr\/?page_id=754"},"modified":"2023-02-05T15:49:08","modified_gmt":"2023-02-05T14:49:08","slug":"caliente-du-diable-dargent","status":"publish","type":"page","link":"https:\/\/chats-norvegiens-harpsicat.fr\/index.php\/caliente-du-diable-dargent\/","title":{"rendered":"Caliente du Diable d&rsquo;Argent"},"content":{"rendered":"\n<p class=\"has-text-color\" style=\"color:#5c1f74\">n\u00e9e de <mark style=\"background-color:rgba(0, 0, 0, 0);color:#5c1f74\" class=\"has-inline-color\">Aberlour du Domaine d&rsquo;Asgard et Andromaque du Diable d&rsquo;Argent<\/mark><\/p>\n\n\n\n<p class=\"has-text-color\" style=\"color:#5c1f74\"><a rel=\"noreferrer noopener\" href=\"https:\/\/pawpeds.com\/db\/?a=p&amp;id=1094599&amp;g=4&amp;p=nfo&amp;o=elastic\" target=\"_blank\"><span style=\"color:#5c1f74\" class=\"has-inline-color\">Son p\u00e9digr\u00e9e<\/span><\/a><\/p>\n\n\n\n<p class=\"has-text-color\" style=\"color:#5c1f74\"><mark style=\"background-color:rgba(0, 0, 0, 0);color:#5c1f74\" class=\"has-inline-color\">Caliente du Diable d&rsquo;Argent est la seconde femelle arriv\u00e9e \u00e0 la chatterie. Faite pour la maternit\u00e9, elle a \u00e9t\u00e9 une extraordinaire maman, attentive, maternelle, avec ses propres chatons comme avec ceux des autres. Toujours discr\u00e8te, toujours douce, jamais en conflit avec l&rsquo;un ou l&rsquo;autre, Caliente est une perle !<\/mark><br>Merci St\u00e9phanie pour cet amour de chatte !<\/p>\n\n\n\n<figure class=\"wp-block-gallery has-nested-images columns-default is-cropped wp-block-gallery-1 is-layout-flex wp-block-gallery-is-layout-flex\">\n<figure class=\"wp-block-image size-large\"><img loading=\"lazy\" decoding=\"async\" width=\"640\" height=\"425\" data-id=\"1356\" src=\"https:\/\/chats-norvegiens-harpsicat.fr\/wp-content\/uploads\/2021\/03\/IMGP3831R.jpg\" alt=\"\" class=\"wp-image-1356\" srcset=\"https:\/\/chats-norvegiens-harpsicat.fr\/wp-content\/uploads\/2021\/03\/IMGP3831R.jpg 640w, https:\/\/chats-norvegiens-harpsicat.fr\/wp-content\/uploads\/2021\/03\/IMGP3831R-300x199.jpg 300w\" sizes=\"(max-width: 640px) 100vw, 640px\" \/><\/figure>\n\n\n\n<figure class=\"wp-block-image size-large\"><img loading=\"lazy\" decoding=\"async\" width=\"640\" height=\"425\" data-id=\"1358\" src=\"https:\/\/chats-norvegiens-harpsicat.fr\/wp-content\/uploads\/2021\/03\/2010_01_30-054R.jpg\" alt=\"\" class=\"wp-image-1358\" srcset=\"https:\/\/chats-norvegiens-harpsicat.fr\/wp-content\/uploads\/2021\/03\/2010_01_30-054R.jpg 640w, https:\/\/chats-norvegiens-harpsicat.fr\/wp-content\/uploads\/2021\/03\/2010_01_30-054R-300x199.jpg 300w\" sizes=\"(max-width: 640px) 100vw, 640px\" \/><\/figure>\n\n\n\n<figure class=\"wp-block-image size-large\"><img loading=\"lazy\" decoding=\"async\" width=\"640\" height=\"425\" data-id=\"1360\" src=\"https:\/\/chats-norvegiens-harpsicat.fr\/wp-content\/uploads\/2021\/03\/chats-neige-2012_02_15-056R1.jpg\" alt=\"\" class=\"wp-image-1360\" srcset=\"https:\/\/chats-norvegiens-harpsicat.fr\/wp-content\/uploads\/2021\/03\/chats-neige-2012_02_15-056R1.jpg 640w, https:\/\/chats-norvegiens-harpsicat.fr\/wp-content\/uploads\/2021\/03\/chats-neige-2012_02_15-056R1-300x199.jpg 300w\" sizes=\"(max-width: 640px) 100vw, 640px\" \/><\/figure>\n\n\n\n<figure class=\"wp-block-image size-large\"><img loading=\"lazy\" decoding=\"async\" width=\"640\" height=\"425\" data-id=\"1359\" src=\"https:\/\/chats-norvegiens-harpsicat.fr\/wp-content\/uploads\/2021\/03\/2010_01_30-008.jpg\" alt=\"\" class=\"wp-image-1359\" srcset=\"https:\/\/chats-norvegiens-harpsicat.fr\/wp-content\/uploads\/2021\/03\/2010_01_30-008.jpg 640w, https:\/\/chats-norvegiens-harpsicat.fr\/wp-content\/uploads\/2021\/03\/2010_01_30-008-300x199.jpg 300w\" sizes=\"(max-width: 640px) 100vw, 640px\" \/><\/figure>\n<\/figure>\n","protected":false},"excerpt":{"rendered":"<p>n\u00e9e de Aberlour du Domaine d&rsquo;Asgard et Andromaque du Diable d&rsquo;Argent Son p\u00e9digr\u00e9e Caliente du Diable d&rsquo;Argent est la seconde femelle arriv\u00e9e \u00e0 la chatterie. Faite pour la maternit\u00e9, elle a \u00e9t\u00e9 une extraordinaire maman, attentive, maternelle, avec ses propres chatons comme avec ceux des autres. Toujours discr\u00e8te, toujours douce, jamais en conflit avec l&rsquo;un &hellip; <\/p>\n<p class=\"link-more\"><a href=\"https:\/\/chats-norvegiens-harpsicat.fr\/index.php\/caliente-du-diable-dargent\/\" class=\"more-link\">Continuer la lecture<span class=\"screen-reader-text\"> de &laquo;&nbsp;Caliente du Diable d&rsquo;Argent&nbsp;&raquo;<\/span><\/a><\/p>\n","protected":false},"author":1,"featured_media":961,"parent":0,"menu_order":0,"comment_status":"closed","ping_status":"closed","template":"","meta":{"footnotes":""},"_links":{"self":[{"href":"https:\/\/chats-norvegiens-harpsicat.fr\/index.php\/wp-json\/wp\/v2\/pages\/754"}],"collection":[{"href":"https:\/\/chats-norvegiens-harpsicat.fr\/index.php\/wp-json\/wp\/v2\/pages"}],"about":[{"href":"https:\/\/chats-norvegiens-harpsicat.fr\/index.php\/wp-json\/wp\/v2\/types\/page"}],"author":[{"embeddable":true,"href":"https:\/\/chats-norvegiens-harpsicat.fr\/index.php\/wp-json\/wp\/v2\/users\/1"}],"replies":[{"embeddable":true,"href":"https:\/\/chats-norvegiens-harpsicat.fr\/index.php\/wp-json\/wp\/v2\/comments?post=754"}],"version-history":[{"count":10,"href":"https:\/\/chats-norvegiens-harpsicat.fr\/index.php\/wp-json\/wp\/v2\/pages\/754\/revisions"}],"predecessor-version":[{"id":1883,"href":"https:\/\/chats-norvegiens-harpsicat.fr\/index.php\/wp-json\/wp\/v2\/pages\/754\/revisions\/1883"}],"wp:featuredmedia":[{"embeddable":true,"href":"https:\/\/chats-norvegiens-harpsicat.fr\/index.php\/wp-json\/wp\/v2\/media\/961"}],"wp:attachment":[{"href":"https:\/\/chats-norvegiens-harpsicat.fr\/index.php\/wp-json\/wp\/v2\/media?parent=754"}],"curies":[{"name":"wp","href":"https:\/\/api.w.org\/{rel}","templated":true}]}}