{"id":752,"date":"2020-10-07T16:59:21","date_gmt":"2020-10-07T14:59:21","guid":{"rendered":"http:\/\/chats-norvegiens-harpsicat.fr\/?page_id=752"},"modified":"2021-09-24T20:15:22","modified_gmt":"2021-09-24T18:15:22","slug":"karatcats-balia","status":"publish","type":"page","link":"https:\/\/chats-norvegiens-harpsicat.fr\/index.php\/karatcats-balia\/","title":{"rendered":"Karat&rsquo;Cats Balia"},"content":{"rendered":"\n<p class=\"has-text-color\" style=\"color:#5c1f74\"><span style=\"color:#5c1f74\" class=\"has-inline-color\">La muse de l&rsquo;\u00e9levage, celle par qui tout est arriv\u00e9.<\/span><\/p>\n\n\n\n<p class=\"has-text-color\" style=\"color:#5c1f74\"><a rel=\"noreferrer noopener\" href=\"https:\/\/pawpeds.com\/db\/?a=p&amp;id=954462&amp;g=4&amp;p=nfo&amp;o=elastic\" target=\"_blank\"><span style=\"color:#5c1f74\" class=\"has-inline-color\">Son p\u00e9digr\u00e9e<\/span><\/a><\/p>\n\n\n\n<p class=\"has-drop-cap has-text-color\" style=\"color:#5c1f74\"><span style=\"color:#5c1f74\" class=\"has-inline-color\">Balia, celle par qui tout est arriv\u00e9&#8230; Une chatte merveilleuse au caract\u00e8re sp\u00e9cial, qui est arriv\u00e9e \u00e0 la chatterie le 4 octobre 2006. Elle est la muse de l&rsquo;\u00e9levage, son \u00e2me et sa naissance.<\/span><br>Ses parents sont Titran&rsquo;s Yentl et Restless Diamond<br>Un immense merci \u00e0 Sylvie Eglin pour me l&rsquo;avoir confi\u00e9e.<\/p>\n\n\n\n<figure class=\"wp-block-gallery columns-3 is-cropped wp-block-gallery-1 is-layout-flex wp-block-gallery-is-layout-flex\"><ul class=\"blocks-gallery-grid\"><li class=\"blocks-gallery-item\"><figure><img loading=\"lazy\" decoding=\"async\" width=\"640\" height=\"473\" src=\"https:\/\/chats-norvegiens-harpsicat.fr\/wp-content\/uploads\/2021\/03\/2010_01_30-023R.jpg\" alt=\"\" data-id=\"1382\" data-full-url=\"https:\/\/chats-norvegiens-harpsicat.fr\/wp-content\/uploads\/2021\/03\/2010_01_30-023R.jpg\" data-link=\"https:\/\/chats-norvegiens-harpsicat.fr\/index.php\/karatcats-balia\/2010_01_30-023r\/\" class=\"wp-image-1382\" srcset=\"https:\/\/chats-norvegiens-harpsicat.fr\/wp-content\/uploads\/2021\/03\/2010_01_30-023R.jpg 640w, https:\/\/chats-norvegiens-harpsicat.fr\/wp-content\/uploads\/2021\/03\/2010_01_30-023R-300x222.jpg 300w\" sizes=\"(max-width: 640px) 100vw, 640px\" \/><\/figure><\/li><li class=\"blocks-gallery-item\"><figure><img loading=\"lazy\" decoding=\"async\" width=\"640\" height=\"425\" src=\"https:\/\/chats-norvegiens-harpsicat.fr\/wp-content\/uploads\/2021\/03\/IMGP4090R.jpg\" alt=\"\" data-id=\"1379\" data-link=\"https:\/\/chats-norvegiens-harpsicat.fr\/index.php\/karatcats-balia\/imgp4090r-2\/\" class=\"wp-image-1379\" srcset=\"https:\/\/chats-norvegiens-harpsicat.fr\/wp-content\/uploads\/2021\/03\/IMGP4090R.jpg 640w, https:\/\/chats-norvegiens-harpsicat.fr\/wp-content\/uploads\/2021\/03\/IMGP4090R-300x199.jpg 300w\" sizes=\"(max-width: 640px) 100vw, 640px\" \/><\/figure><\/li><li class=\"blocks-gallery-item\"><figure><img loading=\"lazy\" decoding=\"async\" width=\"640\" height=\"425\" src=\"https:\/\/chats-norvegiens-harpsicat.fr\/wp-content\/uploads\/2021\/03\/2012_13_15-015R.jpg\" alt=\"\" data-id=\"1380\" data-link=\"https:\/\/chats-norvegiens-harpsicat.fr\/index.php\/karatcats-balia\/2012_13_15-015r\/\" class=\"wp-image-1380\" srcset=\"https:\/\/chats-norvegiens-harpsicat.fr\/wp-content\/uploads\/2021\/03\/2012_13_15-015R.jpg 640w, https:\/\/chats-norvegiens-harpsicat.fr\/wp-content\/uploads\/2021\/03\/2012_13_15-015R-300x199.jpg 300w\" sizes=\"(max-width: 640px) 100vw, 640px\" \/><\/figure><\/li><li class=\"blocks-gallery-item\"><figure><img loading=\"lazy\" decoding=\"async\" width=\"1024\" height=\"680\" src=\"https:\/\/chats-norvegiens-harpsicat.fr\/wp-content\/uploads\/2021\/03\/IMGP4088R1-1024x680.jpg\" alt=\"\" data-id=\"1378\" data-link=\"https:\/\/chats-norvegiens-harpsicat.fr\/index.php\/karatcats-balia\/imgp4088r1-2\/\" class=\"wp-image-1378\" srcset=\"https:\/\/chats-norvegiens-harpsicat.fr\/wp-content\/uploads\/2021\/03\/IMGP4088R1-1024x680.jpg 1024w, https:\/\/chats-norvegiens-harpsicat.fr\/wp-content\/uploads\/2021\/03\/IMGP4088R1-300x199.jpg 300w, https:\/\/chats-norvegiens-harpsicat.fr\/wp-content\/uploads\/2021\/03\/IMGP4088R1-768x510.jpg 768w, https:\/\/chats-norvegiens-harpsicat.fr\/wp-content\/uploads\/2021\/03\/IMGP4088R1-1536x1020.jpg 1536w, https:\/\/chats-norvegiens-harpsicat.fr\/wp-content\/uploads\/2021\/03\/IMGP4088R1.jpg 2000w\" sizes=\"(max-width: 767px) 89vw, (max-width: 1000px) 54vw, (max-width: 1071px) 543px, 580px\" \/><\/figure><\/li><\/ul><\/figure>\n\n\n\n<figure class=\"wp-block-gallery columns-3 is-cropped wp-block-gallery-2 is-layout-flex wp-block-gallery-is-layout-flex\"><ul class=\"blocks-gallery-grid\"><li class=\"blocks-gallery-item\"><figure><img loading=\"lazy\" decoding=\"async\" width=\"300\" height=\"225\" src=\"https:\/\/chats-norvegiens-harpsicat.fr\/wp-content\/uploads\/2021\/03\/balia_c2s.jpg\" alt=\"\" data-id=\"1412\" data-link=\"https:\/\/chats-norvegiens-harpsicat.fr\/index.php\/karatcats-balia\/balia_c2s\/\" class=\"wp-image-1412\"\/><\/figure><\/li><li class=\"blocks-gallery-item\"><figure><img loading=\"lazy\" decoding=\"async\" width=\"300\" height=\"225\" src=\"https:\/\/chats-norvegiens-harpsicat.fr\/wp-content\/uploads\/2021\/03\/balia_f2s.jpg\" alt=\"\" data-id=\"1414\" data-link=\"https:\/\/chats-norvegiens-harpsicat.fr\/index.php\/karatcats-balia\/balia_f2s\/\" class=\"wp-image-1414\"\/><\/figure><\/li><li class=\"blocks-gallery-item\"><figure><img loading=\"lazy\" decoding=\"async\" width=\"300\" height=\"225\" src=\"https:\/\/chats-norvegiens-harpsicat.fr\/wp-content\/uploads\/2021\/03\/balia_c7s.jpg\" alt=\"\" data-id=\"1413\" data-link=\"https:\/\/chats-norvegiens-harpsicat.fr\/index.php\/karatcats-balia\/balia_c7s\/\" class=\"wp-image-1413\"\/><\/figure><\/li><li class=\"blocks-gallery-item\"><figure><img loading=\"lazy\" decoding=\"async\" width=\"300\" height=\"225\" src=\"https:\/\/chats-norvegiens-harpsicat.fr\/wp-content\/uploads\/2021\/03\/balia_f7s.jpg\" alt=\"\" data-id=\"1415\" data-link=\"https:\/\/chats-norvegiens-harpsicat.fr\/index.php\/karatcats-balia\/balia_f7s\/\" class=\"wp-image-1415\"\/><\/figure><\/li><li class=\"blocks-gallery-item\"><figure><img loading=\"lazy\" decoding=\"async\" width=\"300\" height=\"225\" src=\"https:\/\/chats-norvegiens-harpsicat.fr\/wp-content\/uploads\/2021\/03\/balia_c10s.jpg\" alt=\"\" data-id=\"1416\" data-link=\"https:\/\/chats-norvegiens-harpsicat.fr\/index.php\/karatcats-balia\/balia_c10s\/\" class=\"wp-image-1416\"\/><\/figure><\/li><li class=\"blocks-gallery-item\"><figure><img loading=\"lazy\" decoding=\"async\" width=\"300\" height=\"225\" src=\"https:\/\/chats-norvegiens-harpsicat.fr\/wp-content\/uploads\/2021\/03\/balia_f10s.jpg\" alt=\"\" data-id=\"1417\" data-link=\"https:\/\/chats-norvegiens-harpsicat.fr\/index.php\/karatcats-balia\/balia_f10s\/\" class=\"wp-image-1417\"\/><\/figure><\/li><li class=\"blocks-gallery-item\"><figure><img loading=\"lazy\" decoding=\"async\" width=\"640\" height=\"425\" src=\"https:\/\/chats-norvegiens-harpsicat.fr\/wp-content\/uploads\/2021\/03\/IMGP0825R.jpg\" alt=\"\" data-id=\"1419\" data-full-url=\"https:\/\/chats-norvegiens-harpsicat.fr\/wp-content\/uploads\/2021\/03\/IMGP0825R.jpg\" data-link=\"https:\/\/chats-norvegiens-harpsicat.fr\/index.php\/karatcats-balia\/imgp0825r\/\" class=\"wp-image-1419\" srcset=\"https:\/\/chats-norvegiens-harpsicat.fr\/wp-content\/uploads\/2021\/03\/IMGP0825R.jpg 640w, https:\/\/chats-norvegiens-harpsicat.fr\/wp-content\/uploads\/2021\/03\/IMGP0825R-300x199.jpg 300w\" sizes=\"(max-width: 640px) 100vw, 640px\" \/><\/figure><\/li><\/ul><\/figure>\n","protected":false},"excerpt":{"rendered":"<p>La muse de l&rsquo;\u00e9levage, celle par qui tout est arriv\u00e9. Son p\u00e9digr\u00e9e Balia, celle par qui tout est arriv\u00e9&#8230; Une chatte merveilleuse au caract\u00e8re sp\u00e9cial, qui est arriv\u00e9e \u00e0 la chatterie le 4 octobre 2006. Elle est la muse de l&rsquo;\u00e9levage, son \u00e2me et sa naissance.Ses parents sont Titran&rsquo;s Yentl et Restless DiamondUn immense merci &hellip; <\/p>\n<p class=\"link-more\"><a href=\"https:\/\/chats-norvegiens-harpsicat.fr\/index.php\/karatcats-balia\/\" class=\"more-link\">Continuer la lecture<span class=\"screen-reader-text\"> de &laquo;&nbsp;Karat&rsquo;Cats Balia&nbsp;&raquo;<\/span><\/a><\/p>\n","protected":false},"author":1,"featured_media":56,"parent":0,"menu_order":0,"comment_status":"closed","ping_status":"closed","template":"","meta":{"footnotes":""},"_links":{"self":[{"href":"https:\/\/chats-norvegiens-harpsicat.fr\/index.php\/wp-json\/wp\/v2\/pages\/752"}],"collection":[{"href":"https:\/\/chats-norvegiens-harpsicat.fr\/index.php\/wp-json\/wp\/v2\/pages"}],"about":[{"href":"https:\/\/chats-norvegiens-harpsicat.fr\/index.php\/wp-json\/wp\/v2\/types\/page"}],"author":[{"embeddable":true,"href":"https:\/\/chats-norvegiens-harpsicat.fr\/index.php\/wp-json\/wp\/v2\/users\/1"}],"replies":[{"embeddable":true,"href":"https:\/\/chats-norvegiens-harpsicat.fr\/index.php\/wp-json\/wp\/v2\/comments?post=752"}],"version-history":[{"count":13,"href":"https:\/\/chats-norvegiens-harpsicat.fr\/index.php\/wp-json\/wp\/v2\/pages\/752\/revisions"}],"predecessor-version":[{"id":1880,"href":"https:\/\/chats-norvegiens-harpsicat.fr\/index.php\/wp-json\/wp\/v2\/pages\/752\/revisions\/1880"}],"wp:featuredmedia":[{"embeddable":true,"href":"https:\/\/chats-norvegiens-harpsicat.fr\/index.php\/wp-json\/wp\/v2\/media\/56"}],"wp:attachment":[{"href":"https:\/\/chats-norvegiens-harpsicat.fr\/index.php\/wp-json\/wp\/v2\/media?parent=752"}],"curies":[{"name":"wp","href":"https:\/\/api.w.org\/{rel}","templated":true}]}}