{"id":750,"date":"2020-10-07T16:57:22","date_gmt":"2020-10-07T14:57:22","guid":{"rendered":"http:\/\/chats-norvegiens-harpsicat.fr\/?page_id=750"},"modified":"2022-01-27T18:14:50","modified_gmt":"2022-01-27T17:14:50","slug":"menestrel-de-harpsicat","status":"publish","type":"page","link":"https:\/\/chats-norvegiens-harpsicat.fr\/index.php\/menestrel-de-harpsicat\/","title":{"rendered":"Menestrel de Harpsi&rsquo;Cat"},"content":{"rendered":"\n<p class=\"has-text-color\" style=\"color:#5c1f74\"><mark style=\"background-color:rgba(0, 0, 0, 0);color:#5c1f74\" class=\"has-inline-color\">Titran&rsquo;s Wa\u00efkiki et Dali de Harpsi&rsquo;Cat<\/mark><\/p>\n\n\n\n<p class=\"has-text-color\" style=\"color:#5c1f74\"><a rel=\"noreferrer noopener\" href=\"https:\/\/pawpeds.com\/db\/?a=p&amp;id=1376348&amp;g=4&amp;p=nfo&amp;o=elastic\" target=\"_blank\"><span style=\"color:#5c1f74\" class=\"has-inline-color\">Son p\u00e9digr\u00e9e<\/span><\/a><\/p>\n\n\n\n<p class=\"has-drop-cap has-text-color\" style=\"color:#5c1f74\"><mark style=\"background-color:rgba(0, 0, 0, 0);color:#5c1f74\" class=\"has-inline-color\">Cette port\u00e9e a elle aussi \u00e9t\u00e9 une grande surprise&#8230; et un immense cadeau ! Dali s&rsquo;est subitement \u00e9teint, laissant derri\u00e8re lui Wa\u00efkiki gestante. De leurs amours discr\u00e8tes, six magnifiques chatons sont n\u00e9s. Merci \u00e0 vous deux pour ce magnifique cadeau&#8230; Merci Dali, \u00e0 jamais dans nos coeur.<\/mark><br><mark style=\"background-color:rgba(0, 0, 0, 0);color:#5c1f74\" class=\"has-inline-color\">Menestrel est rest\u00e9 lui aussi \u00e0 la chatterie. D&rsquo;un gabarit plus petit que celui de son p\u00e8re, ses yeux en amande lui donnent une expression \u00e0 la fois tendre et masculine. C&rsquo;est un chat tr\u00e8s beau au regard envo\u00fbtant.<\/mark><\/p>\n\n\n\n<figure class=\"wp-block-gallery has-nested-images columns-default is-cropped wp-block-gallery-1 is-layout-flex wp-block-gallery-is-layout-flex\">\n<figure class=\"wp-block-image size-large\"><img loading=\"lazy\" decoding=\"async\" width=\"640\" height=\"425\" data-id=\"636\" src=\"http:\/\/chats-norvegiens-harpsicat.fr\/wp-content\/uploads\/2020\/10\/Menestrel2.jpg\" alt=\"\" class=\"wp-image-636\" srcset=\"https:\/\/chats-norvegiens-harpsicat.fr\/wp-content\/uploads\/2020\/10\/Menestrel2.jpg 640w, https:\/\/chats-norvegiens-harpsicat.fr\/wp-content\/uploads\/2020\/10\/Menestrel2-300x199.jpg 300w\" sizes=\"(max-width: 640px) 100vw, 640px\" \/><\/figure>\n\n\n\n<figure class=\"wp-block-image size-large\"><img loading=\"lazy\" decoding=\"async\" width=\"425\" height=\"640\" data-id=\"1060\" src=\"https:\/\/chats-norvegiens-harpsicat.fr\/wp-content\/uploads\/2020\/10\/IMGP4683R1.jpg\" alt=\"\" class=\"wp-image-1060\" srcset=\"https:\/\/chats-norvegiens-harpsicat.fr\/wp-content\/uploads\/2020\/10\/IMGP4683R1.jpg 425w, https:\/\/chats-norvegiens-harpsicat.fr\/wp-content\/uploads\/2020\/10\/IMGP4683R1-199x300.jpg 199w\" sizes=\"(max-width: 425px) 100vw, 425px\" \/><\/figure>\n\n\n\n<figure class=\"wp-block-image size-full\"><img loading=\"lazy\" decoding=\"async\" width=\"640\" height=\"425\" data-id=\"1692\" src=\"https:\/\/chats-norvegiens-harpsicat.fr\/wp-content\/uploads\/2022\/01\/IMGP7844R.jpg\" alt=\"\" class=\"wp-image-1692\" srcset=\"https:\/\/chats-norvegiens-harpsicat.fr\/wp-content\/uploads\/2022\/01\/IMGP7844R.jpg 640w, https:\/\/chats-norvegiens-harpsicat.fr\/wp-content\/uploads\/2022\/01\/IMGP7844R-300x199.jpg 300w\" sizes=\"(max-width: 640px) 100vw, 640px\" \/><\/figure>\n\n\n\n<figure class=\"wp-block-image size-large\"><img loading=\"lazy\" decoding=\"async\" width=\"640\" height=\"425\" data-id=\"1388\" src=\"https:\/\/chats-norvegiens-harpsicat.fr\/wp-content\/uploads\/2021\/03\/IMGP4181R.jpg\" alt=\"\" class=\"wp-image-1388\" srcset=\"https:\/\/chats-norvegiens-harpsicat.fr\/wp-content\/uploads\/2021\/03\/IMGP4181R.jpg 640w, https:\/\/chats-norvegiens-harpsicat.fr\/wp-content\/uploads\/2021\/03\/IMGP4181R-300x199.jpg 300w\" sizes=\"(max-width: 640px) 100vw, 640px\" \/><\/figure>\n<\/figure>\n","protected":false},"excerpt":{"rendered":"<p>Titran&rsquo;s Wa\u00efkiki et Dali de Harpsi&rsquo;Cat Son p\u00e9digr\u00e9e Cette port\u00e9e a elle aussi \u00e9t\u00e9 une grande surprise&#8230; et un immense cadeau ! Dali s&rsquo;est subitement \u00e9teint, laissant derri\u00e8re lui Wa\u00efkiki gestante. De leurs amours discr\u00e8tes, six magnifiques chatons sont n\u00e9s. Merci \u00e0 vous deux pour ce magnifique cadeau&#8230; Merci Dali, \u00e0 jamais dans nos coeur.Menestrel &hellip; <\/p>\n<p class=\"link-more\"><a href=\"https:\/\/chats-norvegiens-harpsicat.fr\/index.php\/menestrel-de-harpsicat\/\" class=\"more-link\">Continuer la lecture<span class=\"screen-reader-text\"> de &laquo;&nbsp;Menestrel de Harpsi&rsquo;Cat&nbsp;&raquo;<\/span><\/a><\/p>\n","protected":false},"author":1,"featured_media":941,"parent":0,"menu_order":0,"comment_status":"closed","ping_status":"closed","template":"","meta":{"footnotes":""},"_links":{"self":[{"href":"https:\/\/chats-norvegiens-harpsicat.fr\/index.php\/wp-json\/wp\/v2\/pages\/750"}],"collection":[{"href":"https:\/\/chats-norvegiens-harpsicat.fr\/index.php\/wp-json\/wp\/v2\/pages"}],"about":[{"href":"https:\/\/chats-norvegiens-harpsicat.fr\/index.php\/wp-json\/wp\/v2\/types\/page"}],"author":[{"embeddable":true,"href":"https:\/\/chats-norvegiens-harpsicat.fr\/index.php\/wp-json\/wp\/v2\/users\/1"}],"replies":[{"embeddable":true,"href":"https:\/\/chats-norvegiens-harpsicat.fr\/index.php\/wp-json\/wp\/v2\/comments?post=750"}],"version-history":[{"count":16,"href":"https:\/\/chats-norvegiens-harpsicat.fr\/index.php\/wp-json\/wp\/v2\/pages\/750\/revisions"}],"predecessor-version":[{"id":1693,"href":"https:\/\/chats-norvegiens-harpsicat.fr\/index.php\/wp-json\/wp\/v2\/pages\/750\/revisions\/1693"}],"wp:featuredmedia":[{"embeddable":true,"href":"https:\/\/chats-norvegiens-harpsicat.fr\/index.php\/wp-json\/wp\/v2\/media\/941"}],"wp:attachment":[{"href":"https:\/\/chats-norvegiens-harpsicat.fr\/index.php\/wp-json\/wp\/v2\/media?parent=750"}],"curies":[{"name":"wp","href":"https:\/\/api.w.org\/{rel}","templated":true}]}}