{"id":746,"date":"2020-10-07T16:45:14","date_gmt":"2020-10-07T14:45:14","guid":{"rendered":"http:\/\/chats-norvegiens-harpsicat.fr\/?page_id=746"},"modified":"2022-01-27T18:11:42","modified_gmt":"2022-01-27T17:11:42","slug":"limbo-de-harpsicat","status":"publish","type":"page","link":"https:\/\/chats-norvegiens-harpsicat.fr\/index.php\/limbo-de-harpsicat\/","title":{"rendered":"Limbo de Harpsi&rsquo;Cat"},"content":{"rendered":"\n<p class=\"has-text-color\" style=\"color:#5c1f74\"><mark style=\"background-color:rgba(0, 0, 0, 0);color:#5c1f74\" class=\"has-inline-color\">Titran&rsquo;s Wa\u00efkiki et Dali de Harpsi&rsquo;Cat<\/mark><\/p>\n\n\n\n<p class=\"has-text-color\" style=\"color:#5c1f74\"><a rel=\"noreferrer noopener\" href=\"https:\/\/pawpeds.com\/db\/?a=p&amp;id=1376437&amp;g=4&amp;p=nfo&amp;o=elastic\" target=\"_blank\"><span style=\"color:#5c1f74\" class=\"has-inline-color\">Son p\u00e9digr\u00e9e<\/span><\/a><\/p>\n\n\n\n<p class=\"has-drop-cap has-text-color\" style=\"color:#5c1f74\"><mark style=\"background-color:rgba(0, 0, 0, 0);color:#5c1f74\" class=\"has-inline-color\">Limbo, chaton unique de la premi\u00e8re port\u00e9e de Wa\u00efkiki et Dali, f\u00fbt une belle surprise ! Wa\u00efkiki n&rsquo;ayant pas eu de chatons depuis son arriv\u00e9e \u00e0 la chatterie, l&rsquo;attente d&rsquo;une maternit\u00e9 s&rsquo;\u00e9tait peu \u00e0 peu dissip\u00e9e, et c&rsquo;est dans un grand bonheur que ce petit devenu inesp\u00e9r\u00e9 est arriv\u00e9 ! Il devait bien \u00e9videmment rester \u00e0 la chatterie pour perp\u00e9tuer les amours de ses parents. Limbo est un m\u00e2le grand et fort, qui r\u00e8gne sur le trio masculin.<\/mark><\/p>\n\n\n\n<p><\/p>\n\n\n\n<figure class=\"wp-block-gallery has-nested-images columns-default is-cropped wp-block-gallery-1 is-layout-flex wp-block-gallery-is-layout-flex\">\n<figure class=\"wp-block-image size-large\"><img loading=\"lazy\" decoding=\"async\" width=\"640\" height=\"425\" data-id=\"1052\" src=\"https:\/\/chats-norvegiens-harpsicat.fr\/wp-content\/uploads\/2020\/10\/IMGP7046R.jpg\" alt=\"\" class=\"wp-image-1052\" srcset=\"https:\/\/chats-norvegiens-harpsicat.fr\/wp-content\/uploads\/2020\/10\/IMGP7046R.jpg 640w, https:\/\/chats-norvegiens-harpsicat.fr\/wp-content\/uploads\/2020\/10\/IMGP7046R-300x199.jpg 300w\" sizes=\"(max-width: 640px) 100vw, 640px\" \/><\/figure>\n\n\n\n<figure class=\"wp-block-image size-large\"><img loading=\"lazy\" decoding=\"async\" width=\"425\" height=\"640\" data-id=\"1050\" src=\"https:\/\/chats-norvegiens-harpsicat.fr\/wp-content\/uploads\/2020\/10\/IMGP2809R.jpg\" alt=\"\" class=\"wp-image-1050\" srcset=\"https:\/\/chats-norvegiens-harpsicat.fr\/wp-content\/uploads\/2020\/10\/IMGP2809R.jpg 425w, https:\/\/chats-norvegiens-harpsicat.fr\/wp-content\/uploads\/2020\/10\/IMGP2809R-199x300.jpg 199w\" sizes=\"(max-width: 425px) 100vw, 425px\" \/><\/figure>\n\n\n\n<figure class=\"wp-block-image size-full\"><img loading=\"lazy\" decoding=\"async\" width=\"640\" height=\"425\" data-id=\"1689\" src=\"https:\/\/chats-norvegiens-harpsicat.fr\/wp-content\/uploads\/2022\/01\/IMGP7837R.jpg\" alt=\"\" class=\"wp-image-1689\" srcset=\"https:\/\/chats-norvegiens-harpsicat.fr\/wp-content\/uploads\/2022\/01\/IMGP7837R.jpg 640w, https:\/\/chats-norvegiens-harpsicat.fr\/wp-content\/uploads\/2022\/01\/IMGP7837R-300x199.jpg 300w\" sizes=\"(max-width: 640px) 100vw, 640px\" \/><\/figure>\n\n\n\n<figure class=\"wp-block-image size-large\"><img loading=\"lazy\" decoding=\"async\" width=\"640\" height=\"425\" data-id=\"1428\" src=\"https:\/\/chats-norvegiens-harpsicat.fr\/wp-content\/uploads\/2021\/03\/IMGP4150R.jpg\" alt=\"\" class=\"wp-image-1428\" srcset=\"https:\/\/chats-norvegiens-harpsicat.fr\/wp-content\/uploads\/2021\/03\/IMGP4150R.jpg 640w, https:\/\/chats-norvegiens-harpsicat.fr\/wp-content\/uploads\/2021\/03\/IMGP4150R-300x199.jpg 300w\" sizes=\"(max-width: 640px) 100vw, 640px\" \/><\/figure>\n<\/figure>\n","protected":false},"excerpt":{"rendered":"<p>Titran&rsquo;s Wa\u00efkiki et Dali de Harpsi&rsquo;Cat Son p\u00e9digr\u00e9e Limbo, chaton unique de la premi\u00e8re port\u00e9e de Wa\u00efkiki et Dali, f\u00fbt une belle surprise ! Wa\u00efkiki n&rsquo;ayant pas eu de chatons depuis son arriv\u00e9e \u00e0 la chatterie, l&rsquo;attente d&rsquo;une maternit\u00e9 s&rsquo;\u00e9tait peu \u00e0 peu dissip\u00e9e, et c&rsquo;est dans un grand bonheur que ce petit devenu inesp\u00e9r\u00e9 &hellip; <\/p>\n<p class=\"link-more\"><a href=\"https:\/\/chats-norvegiens-harpsicat.fr\/index.php\/limbo-de-harpsicat\/\" class=\"more-link\">Continuer la lecture<span class=\"screen-reader-text\"> de &laquo;&nbsp;Limbo de Harpsi&rsquo;Cat&nbsp;&raquo;<\/span><\/a><\/p>\n","protected":false},"author":1,"featured_media":914,"parent":0,"menu_order":0,"comment_status":"closed","ping_status":"closed","template":"","meta":{"footnotes":""},"_links":{"self":[{"href":"https:\/\/chats-norvegiens-harpsicat.fr\/index.php\/wp-json\/wp\/v2\/pages\/746"}],"collection":[{"href":"https:\/\/chats-norvegiens-harpsicat.fr\/index.php\/wp-json\/wp\/v2\/pages"}],"about":[{"href":"https:\/\/chats-norvegiens-harpsicat.fr\/index.php\/wp-json\/wp\/v2\/types\/page"}],"author":[{"embeddable":true,"href":"https:\/\/chats-norvegiens-harpsicat.fr\/index.php\/wp-json\/wp\/v2\/users\/1"}],"replies":[{"embeddable":true,"href":"https:\/\/chats-norvegiens-harpsicat.fr\/index.php\/wp-json\/wp\/v2\/comments?post=746"}],"version-history":[{"count":19,"href":"https:\/\/chats-norvegiens-harpsicat.fr\/index.php\/wp-json\/wp\/v2\/pages\/746\/revisions"}],"predecessor-version":[{"id":1841,"href":"https:\/\/chats-norvegiens-harpsicat.fr\/index.php\/wp-json\/wp\/v2\/pages\/746\/revisions\/1841"}],"wp:featuredmedia":[{"embeddable":true,"href":"https:\/\/chats-norvegiens-harpsicat.fr\/index.php\/wp-json\/wp\/v2\/media\/914"}],"wp:attachment":[{"href":"https:\/\/chats-norvegiens-harpsicat.fr\/index.php\/wp-json\/wp\/v2\/media?parent=746"}],"curies":[{"name":"wp","href":"https:\/\/api.w.org\/{rel}","templated":true}]}}