{"id":619,"date":"2020-10-05T17:52:13","date_gmt":"2020-10-05T15:52:13","guid":{"rendered":"http:\/\/chats-norvegiens-harpsicat.fr\/?page_id=619"},"modified":"2020-10-16T15:33:43","modified_gmt":"2020-10-16T13:33:43","slug":"le-nfo","status":"publish","type":"page","link":"https:\/\/chats-norvegiens-harpsicat.fr\/index.php\/le-nfo\/","title":{"rendered":"Le chat norv\u00e9gien"},"content":{"rendered":"\n<p><span style=\"color:#5c1f74\" class=\"has-inline-color\">HISTOIRE ET LEGENDES<\/span><\/p>\n\n\n\n<p class=\"has-text-color\" style=\"color:#5c1f74\"><span style=\"color:#5c1f74\" class=\"has-inline-color\">Ce chat puissant, mais sans lourdeur, \u00e0 l\u2019allure sauvage et au temp\u00e9rament docile, r\u00e9v\u00e8le une histoire captivante et f\u00e9\u00e9rique qui contribue \u00e0 le rendre plus merveilleux qu\u2019il ne l\u2019est d\u00e9j\u00e0.<\/span><\/p>\n\n\n\n<p class=\"has-text-color\" style=\"color:#5c1f74\"><span style=\"color:#5c1f74\" class=\"has-inline-color\">Dans son pays d\u2019origine, la Norv\u00e8ge, ainsi qu\u2019en Scandinavie o\u00f9 il s\u2019est diffus\u00e9 librement, le chat des for\u00eats norv\u00e9giennes, que l&rsquo;on surnomme affectueusement le \u00ab&nbsp;wegie&nbsp;\u00bb (abr\u00e9viation de Norwegian<\/span>), <span style=\"color:#5c1f74\" class=\"has-inline-color\">est connu depuis des si\u00e8cles comme chat souricier, vivant d\u2019une fa\u00e7on autonome aux abords des habitations. Il est tr\u00e8s li\u00e9 \u00e0 la mythologie scandinave. Freya, la d\u00e9esse de la terre et de la fertilit\u00e9, dont la sensualit\u00e9 et les habilet\u00e9s magiques l\u2019associent aux chats, parcourait le ciel dans un char attel\u00e9 \u00e0 deux grands chats, raconte la l\u00e9gende. Thor, dieu de la foudre \u00e0 la force colossale, dut un jour baisser les bras face \u00e0 l\u2019un de ces f\u00e9lins\u2026<\/span><\/p>\n\n\n\n<div class=\"wp-block-image\"><figure class=\"aligncenter size-large is-resized\"><img loading=\"lazy\" decoding=\"async\" src=\"https:\/\/chats-norvegiens-harpsicat.fr\/wp-content\/uploads\/2020\/10\/image.png\" alt=\"\" class=\"wp-image-622\" width=\"320\" height=\"263\"\/><figcaption>Freya et son attelage f\u00e9lin<\/figcaption><\/figure><\/div>\n\n\n\n<p><span style=\"color:#5c1f74\" class=\"has-inline-color\">Les petits scandinaves aimaient \u00e9couter des histoires o\u00f9 ce chat mythique prenait le nom de \u00ab&nbsp;chat f\u00e9e&nbsp;\u00bb. Les f\u00e9lins \u00e0 la fourrure \u00e9paisse, robustes et imposants \u00e9taient souvent pr\u00e9sents dans les contes. L\u2019auteur Gabriel Scott \u00e9crivit en 1912 un livre pour enfants dont le h\u00e9ros \u00e9tait un chat norv\u00e9gien&nbsp;r\u00e9pondant au nom de S\u00f8lvfaks. Un autre chat c\u00e9l\u00e8bre est le Chat Bott\u00e9, Charles Perrault ayant sans aucun doute trouv\u00e9 l\u2019inspiration \u00e0 travers les caract\u00e9ristiques de la race&nbsp;!<\/span><\/p>\n\n\n\n<div class=\"wp-block-columns is-layout-flex wp-container-core-columns-is-layout-1 wp-block-columns-is-layout-flex\">\n<div class=\"wp-block-column is-layout-flow wp-block-column-is-layout-flow\">\n<div class=\"wp-block-image\"><figure class=\"aligncenter size-large is-resized\"><img loading=\"lazy\" decoding=\"async\" src=\"https:\/\/chats-norvegiens-harpsicat.fr\/wp-content\/uploads\/2020\/10\/Solvfaks.jpg\" alt=\"\" class=\"wp-image-625\" width=\"263\" height=\"333\" srcset=\"https:\/\/chats-norvegiens-harpsicat.fr\/wp-content\/uploads\/2020\/10\/Solvfaks.jpg 302w, https:\/\/chats-norvegiens-harpsicat.fr\/wp-content\/uploads\/2020\/10\/Solvfaks-237x300.jpg 237w\" sizes=\"(max-width: 263px) 100vw, 263px\" \/><\/figure><\/div>\n<\/div>\n\n\n\n<div class=\"wp-block-column is-layout-flow wp-block-column-is-layout-flow\">\n<div class=\"wp-block-image\"><figure class=\"aligncenter size-large\"><img loading=\"lazy\" decoding=\"async\" width=\"290\" height=\"281\" src=\"https:\/\/chats-norvegiens-harpsicat.fr\/wp-content\/uploads\/2020\/10\/Chat-botte.jpg\" alt=\"\" class=\"wp-image-626\"\/><\/figure><\/div>\n<\/div>\n<\/div>\n\n\n\n<p><span style=\"color:#5c1f74\" class=\"has-inline-color\">Certains \u00e9crits montrent que le chat des for\u00eats norv\u00e9giennes serait l\u2019une des races f\u00e9lines les plus anciennes au monde. L\u2019une des premi\u00e8res preuves de son existence fut r\u00e9dig\u00e9e par le moine Peter Clausson Friis.<\/span><\/p>\n\n\n\n<div class=\"wp-block-image\"><figure class=\"aligncenter size-large is-resized\"><img loading=\"lazy\" decoding=\"async\" src=\"https:\/\/chats-norvegiens-harpsicat.fr\/wp-content\/uploads\/2020\/10\/Chat-viverin-2.jpg\" alt=\"\" class=\"wp-image-886\" width=\"333\" height=\"323\" srcset=\"https:\/\/chats-norvegiens-harpsicat.fr\/wp-content\/uploads\/2020\/10\/Chat-viverin-2.jpg 516w, https:\/\/chats-norvegiens-harpsicat.fr\/wp-content\/uploads\/2020\/10\/Chat-viverin-2-300x291.jpg 300w\" sizes=\"(max-width: 333px) 100vw, 333px\" \/><figcaption>Chat viverin p\u00eachant<\/figcaption><\/figure><\/div>\n\n\n\n<p><span style=\"color:#5c1f74\" class=\"has-inline-color\">Ce dernier qui vivait en Norv\u00e8ge dans les ann\u00e9es 1550 et qui s\u2019int\u00e9ressait beaucoup \u00e0 la faune et \u00e0 la flore avait subdivis\u00e9 le lynx norv\u00e9gien en trois classes&nbsp;: le loup-lynx, le renard-lynx et le chat-lynx. Plus tard, il est apparu que le chat-lynx, \u00e9tait tout simplement un chat des for\u00eats norv\u00e9giennes. Sa ressemblance physique avec le lynx (grandeur, collerette, plumets aux oreilles) se trouvait confort\u00e9e par son habilet\u00e9 \u00e0 attraper les poissons dans les lacs et les ruisseaux\u2026 comme le lynx&nbsp;!<\/span><\/p>\n\n\n\n<p class=\"has-text-color\" style=\"color:#5c1f74\"><span style=\"color:#5c1f74\" class=\"has-inline-color\">On ignore les v\u00e9ritables origines du chat norv\u00e9gien. Certains les font remonter au temps des Vikings. Ces navigateurs auraient ramen\u00e9 quelques sp\u00e9cimens de chats turcs au poil mi-long afin de prot\u00e9ger leurs victuailles des rats. D\u2019autres supposent que des familles d\u2019Europe centrale et de l\u2019est, fuyant les Huns, auraient \u00e9migr\u00e9 jusqu\u2019en Scandinavie, emmenant avec eux des chats \u00e0 poil long pour veiller, l\u00e0 aussi, sur leurs cargaisons alimentaires.<\/span><\/p>\n\n\n\n<div class=\"wp-block-image\"><figure class=\"aligncenter size-large is-resized\"><img loading=\"lazy\" decoding=\"async\" src=\"https:\/\/chats-norvegiens-harpsicat.fr\/wp-content\/uploads\/2020\/10\/image-4.png\" alt=\"\" class=\"wp-image-628\" width=\"324\" height=\"243\"\/><\/figure><\/div>\n\n\n\n<p><span style=\"color:#5c1f74\" class=\"has-inline-color\">Se retrouvant libres au retour des \u00ab\u00a0drakkars\u00a0\u00bb, ces chats ont \u00e9t\u00e9 soumis au climat rigoureux de la Scandinavie et, oblig\u00e9s de chasser, une s\u00e9lection naturelle s\u2019est op\u00e9r\u00e9e ne permettant qu\u2019aux plus r\u00e9sistants et aux plus malins de survivre. Leur fourrure s\u2019est adapt\u00e9e en d\u00e9veloppant un poil de couverture imperm\u00e9able, appel\u00e9 poil de jarre, et d\u2019un sous-poil de texture laineuse qui les prot\u00e8ge ainsi du froid et de l\u2019humidit\u00e9.<\/span><\/p>\n\n\n\n<div class=\"wp-block-image\"><figure class=\"aligncenter size-large\"><img loading=\"lazy\" decoding=\"async\" width=\"350\" height=\"229\" src=\"https:\/\/chats-norvegiens-harpsicat.fr\/wp-content\/uploads\/2020\/10\/FLATLANDS-BJORNSTJERNE..jpg\" alt=\"\" class=\"wp-image-991\" srcset=\"https:\/\/chats-norvegiens-harpsicat.fr\/wp-content\/uploads\/2020\/10\/FLATLANDS-BJORNSTJERNE..jpg 350w, https:\/\/chats-norvegiens-harpsicat.fr\/wp-content\/uploads\/2020\/10\/FLATLANDS-BJORNSTJERNE.-300x196.jpg 300w\" sizes=\"(max-width: 350px) 100vw, 350px\" \/><figcaption>Flatlands Bjornstjerne <\/figcaption><\/figure><\/div>\n\n\n\n<p><span style=\"color:#5c1f74\" class=\"has-inline-color\">Le norv\u00e9gien se diff\u00e9rencie des autres races par le fait qu\u2019il n\u2019est pas le produit d\u2019une s\u00e9lection pouss\u00e9e mais bien parce qu\u2019il est le r\u00e9sultat d\u2019une \u00e9volution naturelle que les \u00e9leveurs se contentent de r\u00e9guler, d\u2019o\u00f9 une harmonie certaine dans son type.<\/span><\/p>\n\n\n\n<p><span style=\"color:#5c1f74\" class=\"has-inline-color\">Attention toutefois \u00e0 la tendance actuelle qui d\u00e9nature le look d\u2019origine en d\u00e9pla\u00e7ant les oreilles vers le bas, \u00e0 la fa\u00e7on chat oriental !<\/span><\/p>\n\n\n\n<p><span style=\"color:#5c1f74\" class=\"has-inline-color\">RECONNAISSANCE DE LA RACE<\/span><\/p>\n\n\n\n<p><span style=\"color:#5c1f74\" class=\"has-inline-color\">Des amateurs norv\u00e9giens, craignant que l\u2019aspect typique de ces chats ne soit d\u00e9t\u00e9rior\u00e9 par des croisements avec des chats \u00e0 poil court, d\u00e9cid\u00e8rent dans les ann\u00e9es 30 de veiller plus attentivement sur leur f\u00e9lin national.<\/span><\/p>\n\n\n\n<p><span style=\"color:#5c1f74\" class=\"has-inline-color\">Ils d\u00e9cident alors de sillonner la campagne \u00e0 la recherche de sujets \u00e0 moiti\u00e9 sauvages correspondants aux caract\u00e9ristiques du chat norv\u00e9gien. Ils mettent alors en place les crit\u00e8res de bases de la race du Norv\u00e9gien.<\/span><\/p>\n\n\n\n<p><span style=\"color:#5c1f74\" class=\"has-inline-color\">La seconde guerre mondiale viendra interrompre leurs efforts de s\u00e9lection qui reprendront dans les ann\u00e9es 50, la race ayant failli s&rsquo;\u00e9teindre en cette funeste p\u00e9riode. En 1975, le premier club de race \u00e9tait cr\u00e9\u00e9 en Norv\u00e8ge et le c\u00e9l\u00e8bre Pan\u2019s Truls allait servir de mod\u00e8le pour l\u2019\u00e9laboration du standard de la race. Ce f\u00fbt le premier chat \u00e0 \u00eatre dot\u00e9 d\u2019un p\u00e9digr\u00e9e.<\/span><\/p>\n\n\n\n<div class=\"wp-block-image\"><figure class=\"aligncenter size-large is-resized\"><img loading=\"lazy\" decoding=\"async\" src=\"https:\/\/chats-norvegiens-harpsicat.fr\/wp-content\/uploads\/2020\/10\/pans_truls_3.jpg\" alt=\"\" class=\"wp-image-870\" width=\"329\" height=\"297\" srcset=\"https:\/\/chats-norvegiens-harpsicat.fr\/wp-content\/uploads\/2020\/10\/pans_truls_3.jpg 498w, https:\/\/chats-norvegiens-harpsicat.fr\/wp-content\/uploads\/2020\/10\/pans_truls_3-300x271.jpg 300w\" sizes=\"(max-width: 329px) 100vw, 329px\" \/><figcaption>Pan&rsquo;s Truls<\/figcaption><\/figure><\/div>\n\n\n\n<p><span style=\"color:#5c1f74\" class=\"has-inline-color\">Et c\u2019est en 1982 que les premiers chats norv\u00e9giens arrivent en France.<br>L\u2019aventure commence\u2026<\/span><\/p>\n\n\n\n<p><\/p>\n","protected":false},"excerpt":{"rendered":"<p>HISTOIRE ET LEGENDES Ce chat puissant, mais sans lourdeur, \u00e0 l\u2019allure sauvage et au temp\u00e9rament docile, r\u00e9v\u00e8le une histoire captivante et f\u00e9\u00e9rique qui contribue \u00e0 le rendre plus merveilleux qu\u2019il ne l\u2019est d\u00e9j\u00e0. Dans son pays d\u2019origine, la Norv\u00e8ge, ainsi qu\u2019en Scandinavie o\u00f9 il s\u2019est diffus\u00e9 librement, le chat des for\u00eats norv\u00e9giennes, que l&rsquo;on surnomme &hellip; <\/p>\n<p class=\"link-more\"><a href=\"https:\/\/chats-norvegiens-harpsicat.fr\/index.php\/le-nfo\/\" class=\"more-link\">Continuer la lecture<span class=\"screen-reader-text\"> de &laquo;&nbsp;Le chat norv\u00e9gien&nbsp;&raquo;<\/span><\/a><\/p>\n","protected":false},"author":1,"featured_media":0,"parent":0,"menu_order":0,"comment_status":"closed","ping_status":"closed","template":"","meta":{"footnotes":""},"_links":{"self":[{"href":"https:\/\/chats-norvegiens-harpsicat.fr\/index.php\/wp-json\/wp\/v2\/pages\/619"}],"collection":[{"href":"https:\/\/chats-norvegiens-harpsicat.fr\/index.php\/wp-json\/wp\/v2\/pages"}],"about":[{"href":"https:\/\/chats-norvegiens-harpsicat.fr\/index.php\/wp-json\/wp\/v2\/types\/page"}],"author":[{"embeddable":true,"href":"https:\/\/chats-norvegiens-harpsicat.fr\/index.php\/wp-json\/wp\/v2\/users\/1"}],"replies":[{"embeddable":true,"href":"https:\/\/chats-norvegiens-harpsicat.fr\/index.php\/wp-json\/wp\/v2\/comments?post=619"}],"version-history":[{"count":31,"href":"https:\/\/chats-norvegiens-harpsicat.fr\/index.php\/wp-json\/wp\/v2\/pages\/619\/revisions"}],"predecessor-version":[{"id":992,"href":"https:\/\/chats-norvegiens-harpsicat.fr\/index.php\/wp-json\/wp\/v2\/pages\/619\/revisions\/992"}],"wp:attachment":[{"href":"https:\/\/chats-norvegiens-harpsicat.fr\/index.php\/wp-json\/wp\/v2\/media?parent=619"}],"curies":[{"name":"wp","href":"https:\/\/api.w.org\/{rel}","templated":true}]}}