{"id":572,"date":"2020-10-04T22:36:20","date_gmt":"2020-10-04T20:36:20","guid":{"rendered":"http:\/\/chats-norvegiens-harpsicat.fr\/?page_id=572"},"modified":"2025-09-29T22:27:32","modified_gmt":"2025-09-29T20:27:32","slug":"les-compagnons","status":"publish","type":"page","link":"https:\/\/chats-norvegiens-harpsicat.fr\/index.php\/les-compagnons\/","title":{"rendered":"Les compagnons"},"content":{"rendered":"\n<p><\/p>\n\n\n\n<p><span style=\"color:#5c1f74\" class=\"has-inline-color\">Yofit<\/span>, <span style=\"color:#5c1f74\" class=\"has-inline-color\">notre adorable et magnifique petite chatte europ\u00e9enne<\/span> <span style=\"color:#5c1f74\" class=\"has-inline-color\">aux yeux couleur d&rsquo;aigue-marine. Ses c\u00e2lins du matin sont un vrai bonheur, surtout lorsqu&rsquo;il faut se lever pour aller travailler !<\/span><\/p>\n\n\n\n<figure class=\"wp-block-image size-large\"><img loading=\"lazy\" decoding=\"async\" width=\"640\" height=\"425\" src=\"http:\/\/chats-norvegiens-harpsicat.fr\/wp-content\/uploads\/2020\/10\/Yofit-1.jpg\" alt=\"\" class=\"wp-image-968\" srcset=\"https:\/\/chats-norvegiens-harpsicat.fr\/wp-content\/uploads\/2020\/10\/Yofit-1.jpg 640w, https:\/\/chats-norvegiens-harpsicat.fr\/wp-content\/uploads\/2020\/10\/Yofit-1-300x199.jpg 300w\" sizes=\"(max-width: 640px) 100vw, 640px\" \/><\/figure>\n\n\n\n<p><\/p>\n\n\n\n<p><span style=\"color:#5c1f74\" class=\"has-inline-color\">Merry, Belle Adaya, les deux chiennes ainsi que Petit Noir et Shine, les deux matous sauv\u00e9s de la rue, ainsi que Yofit, sont maintenant de l&rsquo;autre c\u00f4t\u00e9 du pont de l&rsquo;arc-en-ciel.<\/span><\/p>\n","protected":false},"excerpt":{"rendered":"<p>Yofit, notre adorable et magnifique petite chatte europ\u00e9enne aux yeux couleur d&rsquo;aigue-marine. Ses c\u00e2lins du matin sont un vrai bonheur, surtout lorsqu&rsquo;il faut se lever pour aller travailler ! Merry, Belle Adaya, les deux chiennes ainsi que Petit Noir et Shine, les deux matous sauv\u00e9s de la rue, ainsi que Yofit, sont maintenant de l&rsquo;autre &hellip; <\/p>\n<p class=\"link-more\"><a href=\"https:\/\/chats-norvegiens-harpsicat.fr\/index.php\/les-compagnons\/\" class=\"more-link\">Continuer la lecture<span class=\"screen-reader-text\"> de &laquo;&nbsp;Les compagnons&nbsp;&raquo;<\/span><\/a><\/p>\n","protected":false},"author":1,"featured_media":0,"parent":0,"menu_order":0,"comment_status":"closed","ping_status":"closed","template":"","meta":{"footnotes":""},"_links":{"self":[{"href":"https:\/\/chats-norvegiens-harpsicat.fr\/index.php\/wp-json\/wp\/v2\/pages\/572"}],"collection":[{"href":"https:\/\/chats-norvegiens-harpsicat.fr\/index.php\/wp-json\/wp\/v2\/pages"}],"about":[{"href":"https:\/\/chats-norvegiens-harpsicat.fr\/index.php\/wp-json\/wp\/v2\/types\/page"}],"author":[{"embeddable":true,"href":"https:\/\/chats-norvegiens-harpsicat.fr\/index.php\/wp-json\/wp\/v2\/users\/1"}],"replies":[{"embeddable":true,"href":"https:\/\/chats-norvegiens-harpsicat.fr\/index.php\/wp-json\/wp\/v2\/comments?post=572"}],"version-history":[{"count":15,"href":"https:\/\/chats-norvegiens-harpsicat.fr\/index.php\/wp-json\/wp\/v2\/pages\/572\/revisions"}],"predecessor-version":[{"id":2828,"href":"https:\/\/chats-norvegiens-harpsicat.fr\/index.php\/wp-json\/wp\/v2\/pages\/572\/revisions\/2828"}],"wp:attachment":[{"href":"https:\/\/chats-norvegiens-harpsicat.fr\/index.php\/wp-json\/wp\/v2\/media?parent=572"}],"curies":[{"name":"wp","href":"https:\/\/api.w.org\/{rel}","templated":true}]}}