{"id":516,"date":"2020-09-30T17:36:03","date_gmt":"2020-09-30T15:36:03","guid":{"rendered":"http:\/\/chats-norvegiens-harpsicat.fr\/?page_id=516"},"modified":"2025-07-02T13:36:12","modified_gmt":"2025-07-02T11:36:12","slug":"les-retraites","status":"publish","type":"page","link":"https:\/\/chats-norvegiens-harpsicat.fr\/index.php\/les-retraites\/","title":{"rendered":"Les retrait\u00e9s"},"content":{"rendered":"\n<p class=\"has-text-color\" style=\"color:#5c1f74\"><mark style=\"background-color:rgba(0, 0, 0, 0);color:#5c1f74\" class=\"has-inline-color\">Parce qu&rsquo;il y a un temps pour tout, il arrive un jour o\u00f9 les chats reproducteurs doivent \u00eatre st\u00e9rilis\u00e9s. Chacun d&rsquo;eux laissera une trace ind\u00e9l\u00e9bile dans la vie de l&rsquo;\u00e9levage, et quelques-uns garderont un descendant pour reprendre le flambeau&#8230; <\/mark><br><mark style=\"background-color:rgba(0, 0, 0, 0);color:#5c1f74\" class=\"has-inline-color\">Nous ne repla\u00e7ons pas nos retrait\u00e9s, sauf exception, tous nos chats vieillissent tranquillement chez nous.<\/mark><\/p>\n\n\n\n<p class=\"has-text-color\" style=\"color:#5c1f74\"><a href=\"https:\/\/chats-norvegiens-harpsicat.fr\/index.php\/daphnis-de-harpsicat\/\"><span style=\"color:#5c1f74\" class=\"has-inline-color\">Daphnis de Harpsi&rsquo;Cat<\/span><\/a><\/p>\n\n\n<div class=\"wp-block-image\">\n<figure class=\"aligncenter size-large is-resized\"><img loading=\"lazy\" decoding=\"async\" width=\"640\" height=\"425\" src=\"https:\/\/chats-norvegiens-harpsicat.fr\/wp-content\/uploads\/2020\/10\/Daphnis.jpg\" alt=\"\" class=\"wp-image-894\" style=\"width:425px;height:283px\" srcset=\"https:\/\/chats-norvegiens-harpsicat.fr\/wp-content\/uploads\/2020\/10\/Daphnis.jpg 640w, https:\/\/chats-norvegiens-harpsicat.fr\/wp-content\/uploads\/2020\/10\/Daphnis-300x199.jpg 300w\" sizes=\"(max-width: 640px) 100vw, 640px\" \/><\/figure><\/div>\n\n\n<p class=\"has-text-color\" style=\"color:#5c1f74\"><a href=\"https:\/\/chats-norvegiens-harpsicat.fr\/index.php\/hanako-de-harpsicat\/\"><span style=\"color:#5c1f74\" class=\"has-inline-color\">Hanako de Harpsi&rsquo;Cat<\/span><\/a><\/p>\n\n\n<div class=\"wp-block-image\">\n<figure class=\"aligncenter size-large is-resized\"><img loading=\"lazy\" decoding=\"async\" width=\"640\" height=\"425\" src=\"https:\/\/chats-norvegiens-harpsicat.fr\/wp-content\/uploads\/2020\/10\/IMGP1588R1.jpg\" alt=\"\" class=\"wp-image-957\" style=\"width:432px;height:287px\" srcset=\"https:\/\/chats-norvegiens-harpsicat.fr\/wp-content\/uploads\/2020\/10\/IMGP1588R1.jpg 640w, https:\/\/chats-norvegiens-harpsicat.fr\/wp-content\/uploads\/2020\/10\/IMGP1588R1-300x199.jpg 300w\" sizes=\"(max-width: 640px) 100vw, 640px\" \/><\/figure><\/div>\n\n\n<p><a href=\"https:\/\/chats-norvegiens-harpsicat.fr\/index.php\/floreana-de-harpsicat\/\"><mark style=\"background-color:rgba(0, 0, 0, 0);color:#5c1f74\" class=\"has-inline-color\">Floreana de Harpsi&rsquo;Cat<\/mark><\/a><\/p>\n\n\n<div class=\"wp-block-image\">\n<figure class=\"aligncenter size-full is-resized\"><img loading=\"lazy\" decoding=\"async\" width=\"640\" height=\"425\" src=\"https:\/\/chats-norvegiens-harpsicat.fr\/wp-content\/uploads\/2022\/01\/IMGP1898.jpg\" alt=\"\" class=\"wp-image-1695\" style=\"width:431px;height:285px\" srcset=\"https:\/\/chats-norvegiens-harpsicat.fr\/wp-content\/uploads\/2022\/01\/IMGP1898.jpg 640w, https:\/\/chats-norvegiens-harpsicat.fr\/wp-content\/uploads\/2022\/01\/IMGP1898-300x199.jpg 300w\" sizes=\"(max-width: 640px) 100vw, 640px\" \/><\/figure><\/div>\n\n\n<p><a href=\"https:\/\/chats-norvegiens-harpsicat.fr\/index.php\/titrans-wakanda\/\">Titran&rsquo;s Wakanda<\/a><\/p>\n\n\n<div class=\"wp-block-image\">\n<figure class=\"aligncenter size-large is-resized\"><img loading=\"lazy\" decoding=\"async\" width=\"1024\" height=\"680\" src=\"http:\/\/chats-norvegiens-harpsicat.fr\/wp-content\/uploads\/2020\/09\/IMGP2449R-1024x680.jpg\" alt=\"\" class=\"wp-image-158\" style=\"width:430px;height:286px\" srcset=\"https:\/\/chats-norvegiens-harpsicat.fr\/wp-content\/uploads\/2020\/09\/IMGP2449R-1024x680.jpg 1024w, https:\/\/chats-norvegiens-harpsicat.fr\/wp-content\/uploads\/2020\/09\/IMGP2449R-300x199.jpg 300w, https:\/\/chats-norvegiens-harpsicat.fr\/wp-content\/uploads\/2020\/09\/IMGP2449R-768x510.jpg 768w, https:\/\/chats-norvegiens-harpsicat.fr\/wp-content\/uploads\/2020\/09\/IMGP2449R-1536x1020.jpg 1536w, https:\/\/chats-norvegiens-harpsicat.fr\/wp-content\/uploads\/2020\/09\/IMGP2449R-2048x1360.jpg 2048w\" sizes=\"(max-width: 767px) 89vw, (max-width: 1000px) 54vw, (max-width: 1071px) 543px, 580px\" \/><\/figure><\/div>\n\n\n<p><a href=\"https:\/\/chats-norvegiens-harpsicat.fr\/index.php\/mademoiselle-kanda-de-harpsicat\/\" data-type=\"page\" data-id=\"765\">Mademoiselle Kanda de Harpsi&rsquo;Cat<\/a><\/p>\n\n\n<div class=\"wp-block-image\">\n<figure class=\"aligncenter size-large is-resized\"><img loading=\"lazy\" decoding=\"async\" width=\"1024\" height=\"691\" src=\"https:\/\/chats-norvegiens-harpsicat.fr\/wp-content\/uploads\/2020\/10\/Kanda1-1024x691.jpg\" alt=\"\" class=\"wp-image-856\" style=\"width:439px;height:296px\" srcset=\"https:\/\/chats-norvegiens-harpsicat.fr\/wp-content\/uploads\/2020\/10\/Kanda1-1024x691.jpg 1024w, https:\/\/chats-norvegiens-harpsicat.fr\/wp-content\/uploads\/2020\/10\/Kanda1-300x202.jpg 300w, https:\/\/chats-norvegiens-harpsicat.fr\/wp-content\/uploads\/2020\/10\/Kanda1-768x518.jpg 768w, https:\/\/chats-norvegiens-harpsicat.fr\/wp-content\/uploads\/2020\/10\/Kanda1.jpg 1359w\" sizes=\"(max-width: 767px) 89vw, (max-width: 1000px) 54vw, (max-width: 1071px) 543px, 580px\" \/><\/figure><\/div>","protected":false},"excerpt":{"rendered":"<p>Parce qu&rsquo;il y a un temps pour tout, il arrive un jour o\u00f9 les chats reproducteurs doivent \u00eatre st\u00e9rilis\u00e9s. Chacun d&rsquo;eux laissera une trace ind\u00e9l\u00e9bile dans la vie de l&rsquo;\u00e9levage, et quelques-uns garderont un descendant pour reprendre le flambeau&#8230; Nous ne repla\u00e7ons pas nos retrait\u00e9s, sauf exception, tous nos chats vieillissent tranquillement chez nous. Daphnis &hellip; <\/p>\n<p class=\"link-more\"><a href=\"https:\/\/chats-norvegiens-harpsicat.fr\/index.php\/les-retraites\/\" class=\"more-link\">Continuer la lecture<span class=\"screen-reader-text\"> de &laquo;&nbsp;Les retrait\u00e9s&nbsp;&raquo;<\/span><\/a><\/p>\n","protected":false},"author":1,"featured_media":0,"parent":0,"menu_order":0,"comment_status":"closed","ping_status":"closed","template":"","meta":{"footnotes":""},"_links":{"self":[{"href":"https:\/\/chats-norvegiens-harpsicat.fr\/index.php\/wp-json\/wp\/v2\/pages\/516"}],"collection":[{"href":"https:\/\/chats-norvegiens-harpsicat.fr\/index.php\/wp-json\/wp\/v2\/pages"}],"about":[{"href":"https:\/\/chats-norvegiens-harpsicat.fr\/index.php\/wp-json\/wp\/v2\/types\/page"}],"author":[{"embeddable":true,"href":"https:\/\/chats-norvegiens-harpsicat.fr\/index.php\/wp-json\/wp\/v2\/users\/1"}],"replies":[{"embeddable":true,"href":"https:\/\/chats-norvegiens-harpsicat.fr\/index.php\/wp-json\/wp\/v2\/comments?post=516"}],"version-history":[{"count":27,"href":"https:\/\/chats-norvegiens-harpsicat.fr\/index.php\/wp-json\/wp\/v2\/pages\/516\/revisions"}],"predecessor-version":[{"id":2688,"href":"https:\/\/chats-norvegiens-harpsicat.fr\/index.php\/wp-json\/wp\/v2\/pages\/516\/revisions\/2688"}],"wp:attachment":[{"href":"https:\/\/chats-norvegiens-harpsicat.fr\/index.php\/wp-json\/wp\/v2\/media?parent=516"}],"curies":[{"name":"wp","href":"https:\/\/api.w.org\/{rel}","templated":true}]}}