{"id":24,"date":"2020-09-15T11:39:51","date_gmt":"2020-09-15T09:39:51","guid":{"rendered":"http:\/\/chats-norvegiens-harpsicat.fr\/?page_id=24"},"modified":"2022-02-16T21:41:25","modified_gmt":"2022-02-16T20:41:25","slug":"contact","status":"publish","type":"page","link":"https:\/\/chats-norvegiens-harpsicat.fr\/index.php\/contact\/","title":{"rendered":"Contact"},"content":{"rendered":"\n<p class=\"has-text-color\" style=\"color:#5c1f74\"><mark style=\"background-color:rgba(0, 0, 0, 0);color:#5c1f74\" class=\"has-inline-color\">Chatterie Harpsi&rsquo;Cat<\/mark><\/p>\n\n\n\n<p class=\"has-text-color\" style=\"color:#5c1f74\"><mark style=\"background-color:rgba(0, 0, 0, 0);color:#5c1f74\" class=\"has-inline-color\">Brigitte Dubois Chevalier &#8211; 4, chemin des Vignes 25720 Larnod<\/mark><\/p>\n\n\n\n<p class=\"has-text-color\" style=\"color:#5c1f74\"><mark style=\"background-color:rgba(0, 0, 0, 0);color:#5c1f74\" class=\"has-inline-color\">t\u00e9l 07 87 29 75 38 &#8211; <a rel=\"noreferrer noopener\" href=\"mailto:brigitteduboisathena@free.fr\" target=\"_blank\">brigitteduboisathena@free.fr<\/a><\/mark><\/p>\n\n\n\n<p class=\"has-text-color\" style=\"color:#5c1f74\"><\/p>\n\n\n\n<p class=\"has-text-color\" style=\"color:#5c1f74\"><mark style=\"background-color:rgba(0, 0, 0, 0);color:#5c1f74\" class=\"has-inline-color\">N&rsquo;h\u00e9sitez pas \u00e0 nous laisser un message si nous ne r\u00e9pondons pas, nous vous recontacterons dans les meilleurs d\u00e9lais.<\/mark> <\/p>\n\n\n\n<p><\/p>\n\n\n\n<p class=\"has-text-color\" style=\"color:#5c1f74\">M\u00e9diateur de la consommation <\/p>\n\n\n\n<p class=\"has-text-color\" style=\"color:#5c1f74\"><a href=\"https:\/\/mediavet.net\"><img loading=\"lazy\" decoding=\"async\" width=\"142\" height=\"83\" class=\"wp-image-1733\" style=\"width: 142px;\" src=\"http:\/\/chats-norvegiens-harpsicat.fr\/wp-content\/uploads\/2022\/02\/MEDIAVET.jpg\" alt=\"\"><\/a><br><\/p>\n\n\n\n<p class=\"has-text-color\" style=\"color:#5c1f74\"><br><br><\/p>\n","protected":false},"excerpt":{"rendered":"<p>Chatterie Harpsi&rsquo;Cat Brigitte Dubois Chevalier &#8211; 4, chemin des Vignes 25720 Larnod t\u00e9l 07 87 29 75 38 &#8211; brigitteduboisathena@free.fr N&rsquo;h\u00e9sitez pas \u00e0 nous laisser un message si nous ne r\u00e9pondons pas, nous vous recontacterons dans les meilleurs d\u00e9lais. M\u00e9diateur de la consommation<\/p>\n","protected":false},"author":1,"featured_media":551,"parent":0,"menu_order":0,"comment_status":"closed","ping_status":"closed","template":"","meta":{"footnotes":""},"_links":{"self":[{"href":"https:\/\/chats-norvegiens-harpsicat.fr\/index.php\/wp-json\/wp\/v2\/pages\/24"}],"collection":[{"href":"https:\/\/chats-norvegiens-harpsicat.fr\/index.php\/wp-json\/wp\/v2\/pages"}],"about":[{"href":"https:\/\/chats-norvegiens-harpsicat.fr\/index.php\/wp-json\/wp\/v2\/types\/page"}],"author":[{"embeddable":true,"href":"https:\/\/chats-norvegiens-harpsicat.fr\/index.php\/wp-json\/wp\/v2\/users\/1"}],"replies":[{"embeddable":true,"href":"https:\/\/chats-norvegiens-harpsicat.fr\/index.php\/wp-json\/wp\/v2\/comments?post=24"}],"version-history":[{"count":13,"href":"https:\/\/chats-norvegiens-harpsicat.fr\/index.php\/wp-json\/wp\/v2\/pages\/24\/revisions"}],"predecessor-version":[{"id":1737,"href":"https:\/\/chats-norvegiens-harpsicat.fr\/index.php\/wp-json\/wp\/v2\/pages\/24\/revisions\/1737"}],"wp:featuredmedia":[{"embeddable":true,"href":"https:\/\/chats-norvegiens-harpsicat.fr\/index.php\/wp-json\/wp\/v2\/media\/551"}],"wp:attachment":[{"href":"https:\/\/chats-norvegiens-harpsicat.fr\/index.php\/wp-json\/wp\/v2\/media?parent=24"}],"curies":[{"name":"wp","href":"https:\/\/api.w.org\/{rel}","templated":true}]}}