{"id":225,"date":"2020-09-19T20:31:12","date_gmt":"2020-09-19T18:31:12","guid":{"rendered":"http:\/\/chats-norvegiens-harpsicat.fr\/?page_id=225"},"modified":"2025-09-30T22:00:33","modified_gmt":"2025-09-30T20:00:33","slug":"la-chatterie-description-affixe","status":"publish","type":"page","link":"https:\/\/chats-norvegiens-harpsicat.fr\/index.php\/la-chatterie-description-affixe\/","title":{"rendered":"La chatterie"},"content":{"rendered":"\n<h2 class=\"wp-block-heading has-text-color has-normal-font-size\" id=\"presentation-de-la-chatterie\" style=\"color:#5c1f74\"><mark style=\"background-color:rgba(0, 0, 0, 0);color:#5c1f74\" class=\"has-inline-color\">PRESENTATION DE LA CHATTERIE<\/mark><\/h2>\n\n\n\n<p class=\"has-normal-font-size\"><\/p>\n\n\n\n<p class=\"has-drop-cap has-text-color\" style=\"color:#5c1f74\"><mark style=\"background-color:rgba(0, 0, 0, 0);color:#5c1f74\" class=\"has-inline-color\">L\u2019arriv\u00e9e de notre premi\u00e8re norv\u00e9gienne, Karat\u2019Cats Balia, le 4 octobre 2006, signe la naissance de notre passion pour l\u2019\u00e9levage f\u00e9lin. Nous ne remercierons jamais assez Sylvie Eglin pour nous avoir accord\u00e9 sa confiance.<\/mark><\/p>\n\n\n<div class=\"wp-block-image\">\n<figure class=\"aligncenter size-full\"><img loading=\"lazy\" decoding=\"async\" width=\"640\" height=\"425\" src=\"http:\/\/chats-norvegiens-harpsicat.fr\/wp-content\/uploads\/2021\/03\/IMGP4090R.jpg\" alt=\"\" class=\"wp-image-1379\" srcset=\"https:\/\/chats-norvegiens-harpsicat.fr\/wp-content\/uploads\/2021\/03\/IMGP4090R.jpg 640w, https:\/\/chats-norvegiens-harpsicat.fr\/wp-content\/uploads\/2021\/03\/IMGP4090R-300x199.jpg 300w\" sizes=\"(max-width: 640px) 100vw, 640px\" \/><figcaption class=\"wp-element-caption\">Karat&rsquo;Cats Balia<\/figcaption><\/figure><\/div>\n\n\n<p><\/p>\n\n\n\n<p class=\"has-drop-cap has-text-color\" style=\"color:#5c1f74\"><mark style=\"background-color:rgba(0, 0, 0, 0);color:#5c1f74\" class=\"has-inline-color\">Situ\u00e9e en Franche-Comt\u00e9, la chatterie se compose d\u2019un jardin de 6 ares, s\u00e9curis\u00e9, ce qui permet aux chats d\u2019\u00e9voluer en toute s\u00e9r\u00e9nit\u00e9 et d\u2019un enclos ext\u00e9rieur d\u2019environ un are r\u00e9serv\u00e9 aux m\u00e2les avec un chalet am\u00e9nag\u00e9 pour leur confort.<\/mark><\/p>\n\n\n\n<div class=\"wp-block-columns is-layout-flex wp-container-core-columns-is-layout-1 wp-block-columns-is-layout-flex\">\n<div class=\"wp-block-column is-layout-flow wp-block-column-is-layout-flow\">\n<figure class=\"wp-block-image size-large\"><img loading=\"lazy\" decoding=\"async\" width=\"640\" height=\"425\" src=\"https:\/\/chats-norvegiens-harpsicat.fr\/wp-content\/uploads\/2020\/09\/Chatons-25-mai-2012-001R.jpg\" alt=\"\" class=\"wp-image-394\" srcset=\"https:\/\/chats-norvegiens-harpsicat.fr\/wp-content\/uploads\/2020\/09\/Chatons-25-mai-2012-001R.jpg 640w, https:\/\/chats-norvegiens-harpsicat.fr\/wp-content\/uploads\/2020\/09\/Chatons-25-mai-2012-001R-300x199.jpg 300w\" sizes=\"(max-width: 640px) 100vw, 640px\" \/><\/figure>\n\n\n\n<figure class=\"wp-block-image size-large\"><img loading=\"lazy\" decoding=\"async\" width=\"640\" height=\"425\" src=\"https:\/\/chats-norvegiens-harpsicat.fr\/wp-content\/uploads\/2020\/09\/2010_09_24-108R-1.jpg\" alt=\"\" class=\"wp-image-391\" srcset=\"https:\/\/chats-norvegiens-harpsicat.fr\/wp-content\/uploads\/2020\/09\/2010_09_24-108R-1.jpg 640w, https:\/\/chats-norvegiens-harpsicat.fr\/wp-content\/uploads\/2020\/09\/2010_09_24-108R-1-300x199.jpg 300w\" sizes=\"(max-width: 640px) 100vw, 640px\" \/><\/figure>\n<\/div>\n\n\n\n<div class=\"wp-block-column is-layout-flow wp-block-column-is-layout-flow\">\n<figure class=\"wp-block-image size-large\"><img loading=\"lazy\" decoding=\"async\" width=\"640\" height=\"425\" src=\"https:\/\/chats-norvegiens-harpsicat.fr\/wp-content\/uploads\/2020\/09\/2011_07_21-017R.jpg\" alt=\"\" class=\"wp-image-392\" srcset=\"https:\/\/chats-norvegiens-harpsicat.fr\/wp-content\/uploads\/2020\/09\/2011_07_21-017R.jpg 640w, https:\/\/chats-norvegiens-harpsicat.fr\/wp-content\/uploads\/2020\/09\/2011_07_21-017R-300x199.jpg 300w\" sizes=\"(max-width: 640px) 100vw, 640px\" \/><\/figure>\n\n\n\n<figure class=\"wp-block-image size-large\"><img loading=\"lazy\" decoding=\"async\" width=\"640\" height=\"425\" src=\"https:\/\/chats-norvegiens-harpsicat.fr\/wp-content\/uploads\/2020\/09\/Chatons-25-mai-2012-003R.jpg\" alt=\"\" class=\"wp-image-396\" srcset=\"https:\/\/chats-norvegiens-harpsicat.fr\/wp-content\/uploads\/2020\/09\/Chatons-25-mai-2012-003R.jpg 640w, https:\/\/chats-norvegiens-harpsicat.fr\/wp-content\/uploads\/2020\/09\/Chatons-25-mai-2012-003R-300x199.jpg 300w\" sizes=\"(max-width: 640px) 100vw, 640px\" \/><\/figure>\n<\/div>\n\n\n\n<div class=\"wp-block-column is-layout-flow wp-block-column-is-layout-flow\">\n<figure class=\"wp-block-image size-large\"><img loading=\"lazy\" decoding=\"async\" width=\"640\" height=\"425\" src=\"https:\/\/chats-norvegiens-harpsicat.fr\/wp-content\/uploads\/2020\/09\/2012_09_08-050R.jpg\" alt=\"\" class=\"wp-image-393\" srcset=\"https:\/\/chats-norvegiens-harpsicat.fr\/wp-content\/uploads\/2020\/09\/2012_09_08-050R.jpg 640w, https:\/\/chats-norvegiens-harpsicat.fr\/wp-content\/uploads\/2020\/09\/2012_09_08-050R-300x199.jpg 300w\" sizes=\"(max-width: 640px) 100vw, 640px\" \/><\/figure>\n\n\n\n<figure class=\"wp-block-image size-large\"><img loading=\"lazy\" decoding=\"async\" width=\"700\" height=\"465\" src=\"https:\/\/chats-norvegiens-harpsicat.fr\/wp-content\/uploads\/2020\/09\/IMGP7008R.jpg\" alt=\"\" class=\"wp-image-398\" srcset=\"https:\/\/chats-norvegiens-harpsicat.fr\/wp-content\/uploads\/2020\/09\/IMGP7008R.jpg 700w, https:\/\/chats-norvegiens-harpsicat.fr\/wp-content\/uploads\/2020\/09\/IMGP7008R-300x199.jpg 300w\" sizes=\"(max-width: 700px) 100vw, 700px\" \/><\/figure>\n<\/div>\n<\/div>\n\n\n\n<p class=\"has-text-color\" style=\"color:#5c1f74\"><mark style=\"background-color:rgba(0, 0, 0, 0);color:#5c1f74\" class=\"has-inline-color\">Un espace maternit\u00e9 est d\u00e9di\u00e9 aux chattes allaitantes et \u00e0 leurs chatons. Les m\u00e8res y restent le temps qu\u2019elles le souhaitent.<\/mark><\/p>\n\n\n\n<div class=\"wp-block-columns is-layout-flex wp-container-core-columns-is-layout-2 wp-block-columns-is-layout-flex\">\n<div class=\"wp-block-column is-layout-flow wp-block-column-is-layout-flow\">\n<figure class=\"wp-block-image size-large is-resized\"><img loading=\"lazy\" decoding=\"async\" width=\"640\" height=\"425\" src=\"https:\/\/chats-norvegiens-harpsicat.fr\/wp-content\/uploads\/2020\/09\/IMGP7989.jpg\" alt=\"\" class=\"wp-image-316\" style=\"width:214px;height:141px\" srcset=\"https:\/\/chats-norvegiens-harpsicat.fr\/wp-content\/uploads\/2020\/09\/IMGP7989.jpg 640w, https:\/\/chats-norvegiens-harpsicat.fr\/wp-content\/uploads\/2020\/09\/IMGP7989-300x199.jpg 300w\" sizes=\"(max-width: 640px) 100vw, 640px\" \/><\/figure>\n<\/div>\n\n\n\n<div class=\"wp-block-column is-layout-flow wp-block-column-is-layout-flow\">\n<figure class=\"wp-block-image size-large is-resized\"><img loading=\"lazy\" decoding=\"async\" width=\"640\" height=\"425\" src=\"https:\/\/chats-norvegiens-harpsicat.fr\/wp-content\/uploads\/2020\/09\/IMGP7998R.jpg\" alt=\"\" class=\"wp-image-317\" style=\"width:215px;height:142px\" srcset=\"https:\/\/chats-norvegiens-harpsicat.fr\/wp-content\/uploads\/2020\/09\/IMGP7998R.jpg 640w, https:\/\/chats-norvegiens-harpsicat.fr\/wp-content\/uploads\/2020\/09\/IMGP7998R-300x199.jpg 300w\" sizes=\"(max-width: 640px) 100vw, 640px\" \/><\/figure>\n\n\n\n<p><\/p>\n<\/div>\n\n\n\n<div class=\"wp-block-column is-layout-flow wp-block-column-is-layout-flow\">\n<figure class=\"wp-block-image size-large is-resized\"><img loading=\"lazy\" decoding=\"async\" width=\"640\" height=\"425\" src=\"https:\/\/chats-norvegiens-harpsicat.fr\/wp-content\/uploads\/2020\/09\/IMGP7993R.jpg\" alt=\"\" class=\"wp-image-318\" style=\"width:214px;height:141px\" srcset=\"https:\/\/chats-norvegiens-harpsicat.fr\/wp-content\/uploads\/2020\/09\/IMGP7993R.jpg 640w, https:\/\/chats-norvegiens-harpsicat.fr\/wp-content\/uploads\/2020\/09\/IMGP7993R-300x199.jpg 300w\" sizes=\"(max-width: 640px) 100vw, 640px\" \/><\/figure>\n\n\n\n<p><\/p>\n<\/div>\n<\/div>\n\n\n\n<p class=\"has-text-color\" style=\"color:#5c1f74\"><mark style=\"background-color:rgba(0, 0, 0, 0);color:#5c1f74\" class=\"has-inline-color\">Les chats ont un libre acc\u00e8s \u00e0 toutes les pi\u00e8ces de la maison, de la cuisine aux chambres, en passant par le salon\u2026 Ils connaissent tous les petits coins confortables o\u00f9 s\u2019installer pour un moment de tranquillit\u00e9.<\/mark><\/p>\n\n\n\n<p class=\"has-text-color\" style=\"color:#5c1f74\"><mark style=\"background-color:rgba(0, 0, 0, 0);color:#5c1f74\" class=\"has-inline-color\">Le climat franc-comtois permet aux chats de se faire une magnifique fourrure en hiver, m\u00eame si le r\u00e9chauffement climatique les prive de plus en plus de cette neige qu&rsquo;ils appr\u00e9cient tant&#8230;<\/mark><\/p>\n\n\n<div class=\"wp-block-image\">\n<figure class=\"aligncenter size-large\"><img loading=\"lazy\" decoding=\"async\" width=\"640\" height=\"425\" src=\"https:\/\/chats-norvegiens-harpsicat.fr\/wp-content\/uploads\/2020\/10\/Kanda-1.jpg\" alt=\"\" class=\"wp-image-590\" srcset=\"https:\/\/chats-norvegiens-harpsicat.fr\/wp-content\/uploads\/2020\/10\/Kanda-1.jpg 640w, https:\/\/chats-norvegiens-harpsicat.fr\/wp-content\/uploads\/2020\/10\/Kanda-1-300x199.jpg 300w\" sizes=\"(max-width: 640px) 100vw, 640px\" \/><figcaption class=\"wp-element-caption\">      Mademoiselle Kanda de Harpsi&rsquo;Cat<\/figcaption><\/figure><\/div>\n\n\n<p><\/p>\n\n\n\n<p class=\"has-drop-cap has-text-color\" style=\"color:#5c1f74\"><mark style=\"background-color:rgba(0, 0, 0, 0);color:#5c1f74\" class=\"has-inline-color\">Passionn\u00e9e de musique et d\u2019animaux, particuli\u00e8rement des f\u00e9lins depuis mon enfance, j\u2019ai d\u00e9couvert un jour le clavecin. Son doux, d\u00e9licatesse des chats, raffinement de la musique baroque, apaisement du ronronnement, myst\u00e8re et profondeur du regard f\u00e9lin, beaut\u00e9 de la calligraphie musicale, image du jeu de la patte de velours sur le clavier de l\u2019instrument, le nom de l\u2019\u00e9levage est venu tout simplement&nbsp;: Harpsi\u2019Cat (harpsichord signifie clavecin en anglais).<\/mark><\/p>\n\n\n<div class=\"wp-block-image\">\n<figure class=\"aligncenter size-large is-resized\"><img loading=\"lazy\" decoding=\"async\" width=\"640\" height=\"523\" src=\"https:\/\/chats-norvegiens-harpsicat.fr\/wp-content\/uploads\/2020\/10\/Dali.jpg\" alt=\"\" class=\"wp-image-592\" style=\"width:571px;height:467px\" srcset=\"https:\/\/chats-norvegiens-harpsicat.fr\/wp-content\/uploads\/2020\/10\/Dali.jpg 640w, https:\/\/chats-norvegiens-harpsicat.fr\/wp-content\/uploads\/2020\/10\/Dali-300x245.jpg 300w\" sizes=\"(max-width: 640px) 100vw, 640px\" \/><figcaption class=\"wp-element-caption\">     Dali de Harpsi&rsquo;Cat<\/figcaption><\/figure><\/div>\n\n\n<p><\/p>\n\n\n\n<p class=\"has-drop-cap has-text-color\" style=\"color:#5c1f74\"><mark style=\"background-color:rgba(0, 0, 0, 0);color:#5c1f74\" class=\"has-inline-color\">La chatterie Harpsi\u2019Cat est un \u00e9levage professionnel de chat des for\u00eats norv\u00e9giennes. Nos chats sont test\u00e9s pour les maladies g\u00e9n\u00e9tiques (GSDIV et PKdef) et contr\u00f4l\u00e9s r\u00e9guli\u00e8rement par \u00e9chocardiographie pour le d\u00e9pistage de la cardiomyopathie hypertrophique (HCM).<\/mark><\/p>\n\n\n\n<p class=\"has-text-color\" style=\"color:#5c1f74\">Les chatons blancs sont soumis \u00e0 un test PEA \u00e0 l\u2019Ecole Nationale V\u00e9t\u00e9rinaire de Lyon pour&nbsp;diagnostiquer et \u00e9valuer les \u00e9ventuels d\u00e9ficits auditifs.<\/p>\n\n\n\n<h2 class=\"wp-block-heading has-normal-font-size\" id=\"assurer-la-securite-de-son-compagnon\"><mark style=\"background-color:rgba(0, 0, 0, 0);color:#5c1f74\" class=\"has-inline-color\">ASSURER LA SECURITE DE SON COMPAGNON<\/mark><\/h2>\n\n\n\n<p class=\"has-drop-cap has-text-color\" style=\"color:#5c1f74\"><mark style=\"background-color:rgba(0, 0, 0, 0);color:#5c1f74\" class=\"has-inline-color\">Nous demandons aux familles d\u2019\u00eatre particuli\u00e8rement vigilantes en pr\u00e9servant la s\u00e9curit\u00e9 de leur futur compagnon. Une cl\u00f4ture doubl\u00e9e d&rsquo;un retour (filet ou grillage) <mark style=\"background-color:rgba(0, 0, 0, 0);color:#5c1f74\" class=\"has-inline-color\">ou d&rsquo;un syst\u00e8me \u00e9lectrique<\/mark>, un enclos am\u00e9nag\u00e9 et suffisamment grand (pas une cage !), des moustiquaires aux fen\u00eatres, des protections aux oscillobattants, des filets de protection aux balcons\u2026 sont des mesures pr\u00e9ventives tr\u00e8s efficaces pour prot\u00e9ger votre chat des accidents de la route, des chutes et autres pi\u00e8ges mortels, qui \u00e9viterons, dans le meilleur des cas, des blessures graves engendrant des frais m\u00e9dicaux qui peuvent \u00eatre vite tr\u00e8s \u00e9lev\u00e9s.<\/mark> Vous \u00eates sur le point d&rsquo;acheter un chaton, vous n&rsquo;avez certainement pas envie qu&rsquo;un drame se produise, et nous non plus. Le chaton fait partie int\u00e9grante de notre vie et jusqu&rsquo;\u00e0 la fin de la sienne, m\u00eame s&rsquo;il ne vit plus sous notre toit.<\/p>\n\n\n\n<p class=\"has-text-color\" style=\"color:#5c1f74\"><mark style=\"background-color:rgba(0, 0, 0, 0);color:#5c1f74\" class=\"has-inline-color\">Nous nous tenons \u00e0 votre enti\u00e8re disposition pour vous donner tous les renseignements n\u00e9cessaires \u00e0 cet effet. Certes, ces installations ont un co\u00fbt, mais la vie de votre compagnon n\u2019a pas de prix, elle est si pr\u00e9cieuse&nbsp;!<\/mark><\/p>\n\n\n\n<h2 class=\"wp-block-heading has-normal-font-size\" id=\"conditions-de-vente\"><mark style=\"background-color:rgba(0, 0, 0, 0);color:#5c1f74\" class=\"has-inline-color\">CONDITIONS DE VENTE<\/mark><\/h2>\n\n\n\n<p class=\"has-drop-cap has-text-color\" style=\"color:#5c1f74\"><mark style=\"background-color:rgba(0, 0, 0, 0);color:#5c1f74\" class=\"has-inline-color\">Les chatons rejoignent leur nouveau foyer \u00e0 partir de l\u2019\u00e2ge de 3 mois.<\/mark> <mark style=\"background-color:rgba(0, 0, 0, 0);color:#5c1f74\" class=\"has-inline-color\">Ils sont identifi\u00e9s, vaccin\u00e9s contre le typhus et le coryza, la leucose et la rage si n\u00e9cessaire. Ils sont vermifug\u00e9s r\u00e9guli\u00e8rement et trait\u00e9s contre les parasites externes. Les chatons de compagnie sont st\u00e9rilis\u00e9s et vendus \u00e0 partir de 1  200 euros TTC.  Un paiement en 3 fois maximum est possible, comprenant ou pas, la r\u00e9servation, pour laquelle nous demandons un versement de 400 euros d&rsquo;arrhes.<\/mark> Le chaton reste la propri\u00e9t\u00e9 de la chatterie jusqu&rsquo;au dernier encaissement. Le versement des arrhes peut \u00eatre effectu\u00e9 par virement bancaire, les 2 autres paiements par ch\u00e8que lors du d\u00e9part du chaton, ceux-ci seront encaiss\u00e9s \u00e0 un mois d&rsquo;intervalle chacun. <mark style=\"background-color:rgba(0, 0, 0, 0);color:#5c1f74\" class=\"has-inline-color\">Nous vous remettrons&nbsp;:<\/mark><\/p>\n\n\n\n<ul>\n<li><mark style=\"background-color:rgba(0, 0, 0, 0);color:#5c1f74\" class=\"has-inline-color\">un contrat de vente,<\/mark><\/li>\n\n\n\n<li><mark style=\"background-color:rgba(0, 0, 0, 0);color:#5c1f74\" class=\"has-inline-color\">le carnet de vaccination,<\/mark><\/li>\n\n\n\n<li><mark style=\"background-color:rgba(0, 0, 0, 0);color:#5c1f74\" class=\"has-inline-color\">le certificat provisoire d\u2019identification,<\/mark><\/li>\n\n\n\n<li><mark style=\"background-color:rgba(0, 0, 0, 0);color:#5c1f74\" class=\"has-inline-color\">le certificat de bonne sant\u00e9,<\/mark><\/li>\n\n\n\n<li><mark style=\"background-color:rgba(0, 0, 0, 0);color:#5c1f74\" class=\"has-inline-color\">des documents conseil,<\/mark><\/li>\n\n\n\n<li><mark style=\"background-color:rgba(0, 0, 0, 0);color:#5c1f74\" class=\"has-inline-color\">le p\u00e9digr\u00e9e ou le num\u00e9ro de DSN,<\/mark><\/li>\n\n\n\n<li><mark style=\"background-color:rgba(0, 0, 0, 0);color:#5c1f74\" class=\"has-inline-color\">un kit chaton.<\/mark><\/li>\n<\/ul>\n\n\n\n<p class=\"has-text-color\" style=\"color:#5c1f74\"><mark style=\"background-color:rgba(0, 0, 0, 0);color:#5c1f74\" class=\"has-inline-color\">Tout chaton r\u00e9serv\u00e9 rejoindra sa nouvelle famille \u00e0 partir de l&rsquo;\u00e2ge de 3 mois r\u00e9volus. Si pour une raison ou une autre vous devez l&rsquo;accueillir un peu plus tard, une participation aux frais de gardiennage vous sera demand\u00e9e.<\/mark><\/p>\n\n\n\n<p><mark style=\"background-color:rgba(0, 0, 0, 0);color:#5c1f74\" class=\"has-inline-color\">L&rsquo;achat d&rsquo;un animal est un acte r\u00e9fl\u00e9chi et ne doit pas se faire sur un coup de t\u00eate. La dur\u00e9e de vie moyenne d&rsquo;un chat est de 15 ans et vous aurez \u00e0 faire face \u00e0 des frais parfois tr\u00e8s \u00e9lev\u00e9s (nourriture, v\u00e9t\u00e9rinaire&#8230; Si la nourriture n&rsquo;est pas de qualit\u00e9, les frais m\u00e9dicaux seront d&rsquo;autant plus \u00e9lev\u00e9s). <\/mark><\/p>\n\n\n\n<p class=\"has-text-color has-link-color wp-elements-8ce47a2ef18692c487369b4858925b0f\" style=\"color:#5c1f74\">Depuis le 1er octobre 2022, afin de veiller au bien-\u00eatre animal et d&rsquo;\u00e9viter les achats impulsifs, vous devrez \u00eatre en possession d&rsquo;un Certificat d&rsquo;Engagement et de Connaissance que nous vous fournirons ou que vous pourrez vous procurer chez votre v\u00e9t\u00e9rinaire. Si vous avez d\u00e9j\u00e0 ce document, il devra nous \u00eatre pr\u00e9sent\u00e9 \u00e0 la r\u00e9servation de votre chaton.<\/p>\n\n\n\n<p class=\"has-text-color has-link-color wp-elements-3a31cbf3e51826369097800d20a14e8c\" style=\"color:#5c1f74\">Enfin, <mark style=\"background-color:rgba(0, 0, 0, 0);color:#5c1f74\" class=\"has-inline-color\">si vous rencontrez un probl\u00e8me, nous sommes l\u00e0 pour vous conseiller et si vous devez malgr\u00e9 tout vous s\u00e9parer de votre chat, nous pouvons vous aider \u00e0 le replacer, ou le reprendre \u00e0 la chatterie. N&rsquo;h\u00e9sitez pas \u00e0 nous en parler. Nous assurons le suivi \u00e0 vie du chaton qui est n\u00e9 chez nous et <\/mark>nous nous engageons \u00e0 suivre le chaton pendant toute sa vie.<\/p>\n\n\n\n<p class=\"has-text-color has-link-color wp-elements-e2e3965543c7bf2a5a332cead2132fd1\" style=\"color:#5c1f74\">Nous nous tenons \u00e0 votre disposition pour r\u00e9pondre \u00e0 toutes vos interrogations avant et apr\u00e8s l&rsquo;adoption de votre petit compagnon. En contrepartie, nous vous demandons de  nous donner des nouvelles, bonnes ou mauvaises, et \u00e0 nous envoyer de temps en temps, des photos du petit n\u00e9 chez nous. Nous vous en remercions !<\/p>\n\n\n\n<p class=\"has-vivid-purple-color has-text-color has-link-color wp-elements-c91f8deee3c04b730e14abb8038927ba\"><\/p>\n\n\n\n<h2 class=\"wp-block-heading\"><\/h2>\n\n\n\n<p><\/p>\n","protected":false},"excerpt":{"rendered":"<p>PRESENTATION DE LA CHATTERIE L\u2019arriv\u00e9e de notre premi\u00e8re norv\u00e9gienne, Karat\u2019Cats Balia, le 4 octobre 2006, signe la naissance de notre passion pour l\u2019\u00e9levage f\u00e9lin. Nous ne remercierons jamais assez Sylvie Eglin pour nous avoir accord\u00e9 sa confiance. Situ\u00e9e en Franche-Comt\u00e9, la chatterie se compose d\u2019un jardin de 6 ares, s\u00e9curis\u00e9, ce qui permet aux chats &hellip; <\/p>\n<p class=\"link-more\"><a href=\"https:\/\/chats-norvegiens-harpsicat.fr\/index.php\/la-chatterie-description-affixe\/\" class=\"more-link\">Continuer la lecture<span class=\"screen-reader-text\"> de &laquo;&nbsp;La chatterie&nbsp;&raquo;<\/span><\/a><\/p>\n","protected":false},"author":1,"featured_media":0,"parent":0,"menu_order":0,"comment_status":"closed","ping_status":"closed","template":"","meta":{"footnotes":""},"_links":{"self":[{"href":"https:\/\/chats-norvegiens-harpsicat.fr\/index.php\/wp-json\/wp\/v2\/pages\/225"}],"collection":[{"href":"https:\/\/chats-norvegiens-harpsicat.fr\/index.php\/wp-json\/wp\/v2\/pages"}],"about":[{"href":"https:\/\/chats-norvegiens-harpsicat.fr\/index.php\/wp-json\/wp\/v2\/types\/page"}],"author":[{"embeddable":true,"href":"https:\/\/chats-norvegiens-harpsicat.fr\/index.php\/wp-json\/wp\/v2\/users\/1"}],"replies":[{"embeddable":true,"href":"https:\/\/chats-norvegiens-harpsicat.fr\/index.php\/wp-json\/wp\/v2\/comments?post=225"}],"version-history":[{"count":83,"href":"https:\/\/chats-norvegiens-harpsicat.fr\/index.php\/wp-json\/wp\/v2\/pages\/225\/revisions"}],"predecessor-version":[{"id":2834,"href":"https:\/\/chats-norvegiens-harpsicat.fr\/index.php\/wp-json\/wp\/v2\/pages\/225\/revisions\/2834"}],"wp:attachment":[{"href":"https:\/\/chats-norvegiens-harpsicat.fr\/index.php\/wp-json\/wp\/v2\/media?parent=225"}],"curies":[{"name":"wp","href":"https:\/\/api.w.org\/{rel}","templated":true}]}}