{"id":1894,"date":"2023-02-05T17:06:15","date_gmt":"2023-02-05T16:06:15","guid":{"rendered":"https:\/\/chats-norvegiens-harpsicat.fr\/?page_id=1894"},"modified":"2023-02-05T19:12:45","modified_gmt":"2023-02-05T18:12:45","slug":"ursa-minor-bukowa-dolina-pl","status":"publish","type":"page","link":"https:\/\/chats-norvegiens-harpsicat.fr\/index.php\/ursa-minor-bukowa-dolina-pl\/","title":{"rendered":"Ursa Minor Bukowa Dolina*PL"},"content":{"rendered":"\n<p class=\"has-text-color\" style=\"color:#5c1f74\">n\u00e9e de Jennefer Bukowa Dolina et Perun\u2019s Michael Kors<\/p>\n\n\n\n<p>Son p\u00e9digr\u00e9e<\/p>\n\n\n\n<p class=\"has-drop-cap has-text-color\" style=\"color:#5c1f74\">Ursa Minor est n\u00e9e \u00e0 la chatterie Bukowa Dolina, \u00e0 Przesieka en Pologne. J&rsquo;\u00e9tais tout d&rsquo;abord \u00e0 la recherche d&rsquo;un nouveau m\u00e2le, mais son regard charmeur, son look sauvage ont eu raison de moi&#8230;<br>Ursa Minor, ou Petite Ourse, est arriv\u00e9e un soir d&rsquo;ao\u00fbt apr\u00e8s un long voyage. A peine arriv\u00e9e, elle s&rsquo;est livr\u00e9e \u00e0 une courte et minutieuse visite de son nouvel environnement, et s&rsquo;y est tout de suite sentie \u00e0 l&rsquo;aise !<br>Elle a un adorable caract\u00e8re d&rsquo;\u00e9caille, coquine, \u00e9veill\u00e9e, vive et toujours en demande de c\u00e2lins !<br>Merci \u00e0 Joanna pour sa confiance !<\/p>\n\n\n\n<figure class=\"wp-block-gallery has-nested-images columns-default is-cropped wp-block-gallery-1 is-layout-flex wp-block-gallery-is-layout-flex\">\n<figure class=\"wp-block-image size-large\"><img loading=\"lazy\" decoding=\"async\" width=\"680\" height=\"1024\" data-id=\"1901\" src=\"https:\/\/chats-norvegiens-harpsicat.fr\/wp-content\/uploads\/2023\/02\/IMGP9938R-680x1024.jpg\" alt=\"\" class=\"wp-image-1901\" srcset=\"https:\/\/chats-norvegiens-harpsicat.fr\/wp-content\/uploads\/2023\/02\/IMGP9938R-680x1024.jpg 680w, https:\/\/chats-norvegiens-harpsicat.fr\/wp-content\/uploads\/2023\/02\/IMGP9938R-199x300.jpg 199w, https:\/\/chats-norvegiens-harpsicat.fr\/wp-content\/uploads\/2023\/02\/IMGP9938R-768x1156.jpg 768w, https:\/\/chats-norvegiens-harpsicat.fr\/wp-content\/uploads\/2023\/02\/IMGP9938R-1020x1536.jpg 1020w, https:\/\/chats-norvegiens-harpsicat.fr\/wp-content\/uploads\/2023\/02\/IMGP9938R-1360x2048.jpg 1360w, https:\/\/chats-norvegiens-harpsicat.fr\/wp-content\/uploads\/2023\/02\/IMGP9938R-scaled.jpg 1701w\" sizes=\"(max-width: 680px) 100vw, 680px\" \/><\/figure>\n\n\n\n<figure class=\"wp-block-image size-large\"><img loading=\"lazy\" decoding=\"async\" width=\"1024\" height=\"680\" data-id=\"1909\" src=\"http:\/\/chats-norvegiens-harpsicat.fr\/wp-content\/uploads\/2023\/02\/IMGP9923-1024x680.jpg\" alt=\"\" class=\"wp-image-1909\" srcset=\"https:\/\/chats-norvegiens-harpsicat.fr\/wp-content\/uploads\/2023\/02\/IMGP9923-1024x680.jpg 1024w, https:\/\/chats-norvegiens-harpsicat.fr\/wp-content\/uploads\/2023\/02\/IMGP9923-300x199.jpg 300w, https:\/\/chats-norvegiens-harpsicat.fr\/wp-content\/uploads\/2023\/02\/IMGP9923-768x510.jpg 768w, https:\/\/chats-norvegiens-harpsicat.fr\/wp-content\/uploads\/2023\/02\/IMGP9923-1536x1020.jpg 1536w, https:\/\/chats-norvegiens-harpsicat.fr\/wp-content\/uploads\/2023\/02\/IMGP9923-2048x1360.jpg 2048w\" sizes=\"(max-width: 767px) 89vw, (max-width: 1000px) 54vw, (max-width: 1071px) 543px, 580px\" \/><\/figure>\n\n\n\n<figure class=\"wp-block-image size-large\"><img loading=\"lazy\" decoding=\"async\" width=\"680\" height=\"1024\" data-id=\"1897\" src=\"https:\/\/chats-norvegiens-harpsicat.fr\/wp-content\/uploads\/2023\/02\/IMGP9891R-680x1024.jpg\" alt=\"\" class=\"wp-image-1897\" srcset=\"https:\/\/chats-norvegiens-harpsicat.fr\/wp-content\/uploads\/2023\/02\/IMGP9891R-680x1024.jpg 680w, https:\/\/chats-norvegiens-harpsicat.fr\/wp-content\/uploads\/2023\/02\/IMGP9891R-199x300.jpg 199w, https:\/\/chats-norvegiens-harpsicat.fr\/wp-content\/uploads\/2023\/02\/IMGP9891R-768x1156.jpg 768w, https:\/\/chats-norvegiens-harpsicat.fr\/wp-content\/uploads\/2023\/02\/IMGP9891R-1020x1536.jpg 1020w, https:\/\/chats-norvegiens-harpsicat.fr\/wp-content\/uploads\/2023\/02\/IMGP9891R-1360x2048.jpg 1360w, https:\/\/chats-norvegiens-harpsicat.fr\/wp-content\/uploads\/2023\/02\/IMGP9891R-scaled.jpg 1700w\" sizes=\"(max-width: 680px) 100vw, 680px\" \/><\/figure>\n\n\n\n<figure class=\"wp-block-image size-large\"><img loading=\"lazy\" decoding=\"async\" width=\"1024\" height=\"680\" data-id=\"1898\" src=\"https:\/\/chats-norvegiens-harpsicat.fr\/wp-content\/uploads\/2023\/02\/IMGP9927-1024x680.jpg\" alt=\"\" class=\"wp-image-1898\" srcset=\"https:\/\/chats-norvegiens-harpsicat.fr\/wp-content\/uploads\/2023\/02\/IMGP9927-1024x680.jpg 1024w, https:\/\/chats-norvegiens-harpsicat.fr\/wp-content\/uploads\/2023\/02\/IMGP9927-300x199.jpg 300w, https:\/\/chats-norvegiens-harpsicat.fr\/wp-content\/uploads\/2023\/02\/IMGP9927-768x510.jpg 768w, https:\/\/chats-norvegiens-harpsicat.fr\/wp-content\/uploads\/2023\/02\/IMGP9927-1536x1020.jpg 1536w, https:\/\/chats-norvegiens-harpsicat.fr\/wp-content\/uploads\/2023\/02\/IMGP9927-2048x1360.jpg 2048w\" sizes=\"(max-width: 767px) 89vw, (max-width: 1000px) 54vw, (max-width: 1071px) 543px, 580px\" \/><\/figure>\n<\/figure>\n","protected":false},"excerpt":{"rendered":"<p>n\u00e9e de Jennefer Bukowa Dolina et Perun\u2019s Michael Kors Son p\u00e9digr\u00e9e Ursa Minor est n\u00e9e \u00e0 la chatterie Bukowa Dolina, \u00e0 Przesieka en Pologne. J&rsquo;\u00e9tais tout d&rsquo;abord \u00e0 la recherche d&rsquo;un nouveau m\u00e2le, mais son regard charmeur, son look sauvage ont eu raison de moi&#8230;Ursa Minor, ou Petite Ourse, est arriv\u00e9e un soir d&rsquo;ao\u00fbt apr\u00e8s &hellip; <\/p>\n<p class=\"link-more\"><a href=\"https:\/\/chats-norvegiens-harpsicat.fr\/index.php\/ursa-minor-bukowa-dolina-pl\/\" class=\"more-link\">Continuer la lecture<span class=\"screen-reader-text\"> de &laquo;&nbsp;Ursa Minor Bukowa Dolina*PL&nbsp;&raquo;<\/span><\/a><\/p>\n","protected":false},"author":1,"featured_media":1909,"parent":0,"menu_order":0,"comment_status":"closed","ping_status":"closed","template":"","meta":{"footnotes":""},"_links":{"self":[{"href":"https:\/\/chats-norvegiens-harpsicat.fr\/index.php\/wp-json\/wp\/v2\/pages\/1894"}],"collection":[{"href":"https:\/\/chats-norvegiens-harpsicat.fr\/index.php\/wp-json\/wp\/v2\/pages"}],"about":[{"href":"https:\/\/chats-norvegiens-harpsicat.fr\/index.php\/wp-json\/wp\/v2\/types\/page"}],"author":[{"embeddable":true,"href":"https:\/\/chats-norvegiens-harpsicat.fr\/index.php\/wp-json\/wp\/v2\/users\/1"}],"replies":[{"embeddable":true,"href":"https:\/\/chats-norvegiens-harpsicat.fr\/index.php\/wp-json\/wp\/v2\/comments?post=1894"}],"version-history":[{"count":9,"href":"https:\/\/chats-norvegiens-harpsicat.fr\/index.php\/wp-json\/wp\/v2\/pages\/1894\/revisions"}],"predecessor-version":[{"id":1932,"href":"https:\/\/chats-norvegiens-harpsicat.fr\/index.php\/wp-json\/wp\/v2\/pages\/1894\/revisions\/1932"}],"wp:featuredmedia":[{"embeddable":true,"href":"https:\/\/chats-norvegiens-harpsicat.fr\/index.php\/wp-json\/wp\/v2\/media\/1909"}],"wp:attachment":[{"href":"https:\/\/chats-norvegiens-harpsicat.fr\/index.php\/wp-json\/wp\/v2\/media?parent=1894"}],"curies":[{"name":"wp","href":"https:\/\/api.w.org\/{rel}","templated":true}]}}