{"id":139,"date":"2020-09-18T10:03:56","date_gmt":"2020-09-18T08:03:56","guid":{"rendered":"http:\/\/chats-norvegiens-harpsicat.fr\/?page_id=139"},"modified":"2021-01-16T19:10:16","modified_gmt":"2021-01-16T18:10:16","slug":"les-chatons-court","status":"publish","type":"page","link":"https:\/\/chats-norvegiens-harpsicat.fr\/index.php\/les-chatons-court\/","title":{"rendered":"Nos chatons"},"content":{"rendered":"\n<p class=\"has-drop-cap has-text-color\" style=\"color:#5c1f74\"><span style=\"color:#5c1f74\" class=\"has-inline-color\">Les mariages sont pr\u00e9vus, les chatons sont n\u00e9s.<\/span><br><span style=\"color:#5c1f74\" class=\"has-inline-color\">Il n&rsquo;est de plus grande \u00e9motion que de veiller sur une maman chatte qui met ses petits au monde&#8230; Il n&rsquo;est de plus grand bonheur que de voir grandir les chatons ! Il n&rsquo;est de plus grande exaltation que de pr\u00e9voir un mariage entre deux chats dont les qualit\u00e9s viendront embellir les lign\u00e9es des chatons \u00e0 na\u00eetre !<\/span><\/p>\n\n\n\n<p class=\"has-text-color\" style=\"color:#5c1f74\"><span style=\"color:#5c1f74\" class=\"has-inline-color\">Nous vous invitons \u00e0 d\u00e9couvrir vos futurs compagnons sans plus tarder !<\/span><\/p>\n\n\n\n<p class=\"has-text-color\" style=\"color:#5c1f74\"><em><a href=\"http:\/\/chats-norvegiens-harpsicat.fr\/index.php\/les-projets\/\"><span style=\"color:#5c1f74\" class=\"has-inline-color\">Les projets<\/span><\/a><\/em><\/p>\n\n\n\n<p class=\"has-text-color\" style=\"color:#5c1f74\"><em><a href=\"http:\/\/chats-norvegiens-harpsicat.fr\/index.php\/les-chatons-disponibles\/\"><span style=\"color:#5c1f74\" class=\"has-inline-color\">Les chatons disponibles<\/span><\/a><\/em><\/p>\n\n\n\n<p class=\"has-text-color\" style=\"color:#551760\"><\/p>\n","protected":false},"excerpt":{"rendered":"<p>Les mariages sont pr\u00e9vus, les chatons sont n\u00e9s.Il n&rsquo;est de plus grande \u00e9motion que de veiller sur une maman chatte qui met ses petits au monde&#8230; Il n&rsquo;est de plus grand bonheur que de voir grandir les chatons ! Il n&rsquo;est de plus grande exaltation que de pr\u00e9voir un mariage entre deux chats dont les &hellip; <\/p>\n<p class=\"link-more\"><a href=\"https:\/\/chats-norvegiens-harpsicat.fr\/index.php\/les-chatons-court\/\" class=\"more-link\">Continuer la lecture<span class=\"screen-reader-text\"> de &laquo;&nbsp;Nos chatons&nbsp;&raquo;<\/span><\/a><\/p>\n","protected":false},"author":1,"featured_media":173,"parent":0,"menu_order":0,"comment_status":"closed","ping_status":"closed","template":"","meta":{"footnotes":""},"_links":{"self":[{"href":"https:\/\/chats-norvegiens-harpsicat.fr\/index.php\/wp-json\/wp\/v2\/pages\/139"}],"collection":[{"href":"https:\/\/chats-norvegiens-harpsicat.fr\/index.php\/wp-json\/wp\/v2\/pages"}],"about":[{"href":"https:\/\/chats-norvegiens-harpsicat.fr\/index.php\/wp-json\/wp\/v2\/types\/page"}],"author":[{"embeddable":true,"href":"https:\/\/chats-norvegiens-harpsicat.fr\/index.php\/wp-json\/wp\/v2\/users\/1"}],"replies":[{"embeddable":true,"href":"https:\/\/chats-norvegiens-harpsicat.fr\/index.php\/wp-json\/wp\/v2\/comments?post=139"}],"version-history":[{"count":24,"href":"https:\/\/chats-norvegiens-harpsicat.fr\/index.php\/wp-json\/wp\/v2\/pages\/139\/revisions"}],"predecessor-version":[{"id":1325,"href":"https:\/\/chats-norvegiens-harpsicat.fr\/index.php\/wp-json\/wp\/v2\/pages\/139\/revisions\/1325"}],"wp:featuredmedia":[{"embeddable":true,"href":"https:\/\/chats-norvegiens-harpsicat.fr\/index.php\/wp-json\/wp\/v2\/media\/173"}],"wp:attachment":[{"href":"https:\/\/chats-norvegiens-harpsicat.fr\/index.php\/wp-json\/wp\/v2\/media?parent=139"}],"curies":[{"name":"wp","href":"https:\/\/api.w.org\/{rel}","templated":true}]}}