{"id":127,"date":"2020-09-16T14:52:19","date_gmt":"2020-09-16T12:52:19","guid":{"rendered":"http:\/\/chats-norvegiens-harpsicat.fr\/?page_id=127"},"modified":"2021-01-16T19:11:56","modified_gmt":"2021-01-16T18:11:56","slug":"nos-chats-accueil","status":"publish","type":"page","link":"https:\/\/chats-norvegiens-harpsicat.fr\/index.php\/nos-chats-accueil\/","title":{"rendered":"Nos chats"},"content":{"rendered":"\n<p class=\"has-drop-cap has-text-color\" style=\"color:#5c1f74\"><span style=\"color:#5c1f74\" class=\"has-inline-color\">Nos chats disposent d\u2019un jardin de 6 ares, s\u00e9curis\u00e9. Ils peuvent de ce fait go\u00fbter aux plaisirs de la nature, grimper aux arbres, chasser, manger de l\u2019herbe, se cacher sous les arbustes pour savourer un moment de tranquillit\u00e9, courir et jouer, sans aucun danger.<\/span><\/p>\n\n\n\n<p class=\"has-text-color\" style=\"color:#5c1f74\"><span style=\"color:#5c1f74\" class=\"has-inline-color\">Ils ont \u00e9galement un libre acc\u00e8s \u00e0 toutes les pi\u00e8ces de la maison, de la cuisine aux chambres, en passant par le salon\u2026 Ils connaissent tous les petits coins confortables o\u00f9 s\u2019installer pour leur sieste.<\/span><\/p>\n\n\n\n<div class=\"wp-block-group\"><div class=\"wp-block-group__inner-container is-layout-flow wp-block-group-is-layout-flow\">\n<div class=\"wp-block-columns is-layout-flex wp-container-core-columns-is-layout-1 wp-block-columns-is-layout-flex\">\n<div class=\"wp-block-column is-layout-flow wp-block-column-is-layout-flow\">\n<p class=\"has-text-color\" style=\"color:#5c1f74\"><em><a rel=\"noreferrer noopener\" href=\"https:\/\/chats-norvegiens-harpsicat.fr\/index.php\/les-males\/\" target=\"_blank\"><span style=\"color:#5c1f74\" class=\"has-inline-color\">Pr\u00e9sentation des m\u00e2les<\/span><\/a><\/em><\/p>\n\n\n\n<p class=\"has-text-color\" style=\"color:#5c1f74\"><em><a rel=\"noreferrer noopener\" href=\"https:\/\/chats-norvegiens-harpsicat.fr\/index.php\/les-femelles\/\" target=\"_blank\"><span style=\"color:#5c1f74\" class=\"has-inline-color\">Pr\u00e9sentation des femelles<\/span><\/a><\/em><\/p>\n\n\n\n<p class=\"has-text-color\" style=\"color:#5c1f74\"><em><a rel=\"noreferrer noopener\" href=\"https:\/\/chats-norvegiens-harpsicat.fr\/index.php\/les-retraites\/\" target=\"_blank\"><span style=\"color:#5c1f74\" class=\"has-inline-color\">Pr\u00e9sentation des retrait\u00e9s<\/span><\/a><\/em><\/p>\n<\/div>\n\n\n\n<div class=\"wp-block-column is-layout-flow wp-block-column-is-layout-flow\">\n<p class=\"has-text-color\" style=\"color:#5c1f74\"><em><a href=\"https:\/\/chats-norvegiens-harpsicat.fr\/index.php\/les-compagnons\/\">Les compagnons des norv\u00e9giens<\/a><\/em><\/p>\n\n\n\n<p class=\"has-text-color\" style=\"color:#5c1f74\"><em><a href=\"https:\/\/chats-norvegiens-harpsicat.fr\/index.php\/a-jamais-dans-nos-coeurs\/\"><span style=\"color:#5c1f74\" class=\"has-inline-color\">A jamais dans nos coeurs<\/span><\/a><\/em><\/p>\n<\/div>\n<\/div>\n<\/div><\/div>\n\n\n\n<p><\/p>\n","protected":false},"excerpt":{"rendered":"<p>Nos chats disposent d\u2019un jardin de 6 ares, s\u00e9curis\u00e9. Ils peuvent de ce fait go\u00fbter aux plaisirs de la nature, grimper aux arbres, chasser, manger de l\u2019herbe, se cacher sous les arbustes pour savourer un moment de tranquillit\u00e9, courir et jouer, sans aucun danger. Ils ont \u00e9galement un libre acc\u00e8s \u00e0 toutes les pi\u00e8ces de &hellip; <\/p>\n<p class=\"link-more\"><a href=\"https:\/\/chats-norvegiens-harpsicat.fr\/index.php\/nos-chats-accueil\/\" class=\"more-link\">Continuer la lecture<span class=\"screen-reader-text\"> de &laquo;&nbsp;Nos chats&nbsp;&raquo;<\/span><\/a><\/p>\n","protected":false},"author":1,"featured_media":153,"parent":0,"menu_order":0,"comment_status":"closed","ping_status":"closed","template":"","meta":{"footnotes":""},"_links":{"self":[{"href":"https:\/\/chats-norvegiens-harpsicat.fr\/index.php\/wp-json\/wp\/v2\/pages\/127"}],"collection":[{"href":"https:\/\/chats-norvegiens-harpsicat.fr\/index.php\/wp-json\/wp\/v2\/pages"}],"about":[{"href":"https:\/\/chats-norvegiens-harpsicat.fr\/index.php\/wp-json\/wp\/v2\/types\/page"}],"author":[{"embeddable":true,"href":"https:\/\/chats-norvegiens-harpsicat.fr\/index.php\/wp-json\/wp\/v2\/users\/1"}],"replies":[{"embeddable":true,"href":"https:\/\/chats-norvegiens-harpsicat.fr\/index.php\/wp-json\/wp\/v2\/comments?post=127"}],"version-history":[{"count":27,"href":"https:\/\/chats-norvegiens-harpsicat.fr\/index.php\/wp-json\/wp\/v2\/pages\/127\/revisions"}],"predecessor-version":[{"id":1327,"href":"https:\/\/chats-norvegiens-harpsicat.fr\/index.php\/wp-json\/wp\/v2\/pages\/127\/revisions\/1327"}],"wp:featuredmedia":[{"embeddable":true,"href":"https:\/\/chats-norvegiens-harpsicat.fr\/index.php\/wp-json\/wp\/v2\/media\/153"}],"wp:attachment":[{"href":"https:\/\/chats-norvegiens-harpsicat.fr\/index.php\/wp-json\/wp\/v2\/media?parent=127"}],"curies":[{"name":"wp","href":"https:\/\/api.w.org\/{rel}","templated":true}]}}